{"id":1101,"date":"2014-11-25T09:39:02","date_gmt":"2014-11-25T09:39:02","guid":{"rendered":"http:\/\/ba.dev.beatsavenue.com\/legal-statements-2\/"},"modified":"2021-09-29T09:25:18","modified_gmt":"2021-09-29T07:25:18","slug":"mentions-legales","status":"publish","type":"page","link":"https:\/\/ba.dev.beatsavenue.com\/fr\/mentions-legales\/","title":{"rendered":"Mentions l\u00e9gales"},"content":{"rendered":"\t\t<div data-elementor-type=\"wp-page\" data-elementor-id=\"1101\" class=\"elementor elementor-1101 elementor-468\" data-elementor-settings=\"[]\">\n\t\t\t\t\t\t\t<div class=\"elementor-section-wrap\">\n\t\t\t\t\t\t\t<section data-particle_enable=\"false\" data-particle-mobile-disabled=\"false\" class=\"elementor-section elementor-top-section elementor-element elementor-element-bfcf3dc elementor-section-full_width elementor-section-height-min-height elementor-section-stretched elementor-section-height-default elementor-section-items-middle\" data-id=\"bfcf3dc\" data-element_type=\"section\" data-settings=\"{&quot;stretch_section&quot;:&quot;section-stretched&quot;,&quot;background_background&quot;:&quot;gradient&quot;}\">\n\t\t\t\t\t\t<div class=\"elementor-container elementor-column-gap-default\">\n\t\t\t\t\t<div class=\"elementor-column elementor-col-100 elementor-top-column elementor-element elementor-element-b13fdda\" data-id=\"b13fdda\" data-element_type=\"column\">\n\t\t\t<div class=\"elementor-widget-wrap elementor-element-populated\">\n\t\t\t\t\t\t\t\t<div class=\"elementor-element elementor-element-84b1f46 elementor-widget elementor-widget-heading\" data-id=\"84b1f46\" data-element_type=\"widget\" data-widget_type=\"heading.default\">\n\t\t\t\t<div class=\"elementor-widget-container\">\n\t\t\t<h3 class=\"elementor-heading-title elementor-size-default\">Mise \u00e0 jour : 26 juin 2018<\/h3>\t\t<\/div>\n\t\t\t\t<\/div>\n\t\t\t\t\t<\/div>\n\t\t<\/div>\n\t\t\t\t\t\t\t<\/div>\n\t\t<\/section>\n\t\t\t\t<section data-particle_enable=\"false\" data-particle-mobile-disabled=\"false\" class=\"elementor-section elementor-top-section elementor-element elementor-element-8b4fb86 elementor-section-boxed elementor-section-height-default elementor-section-height-default\" data-id=\"8b4fb86\" data-element_type=\"section\">\n\t\t\t\t\t\t<div class=\"elementor-container elementor-column-gap-default\">\n\t\t\t\t\t<div class=\"elementor-column elementor-col-100 elementor-top-column elementor-element elementor-element-5ff38f6\" data-id=\"5ff38f6\" data-element_type=\"column\">\n\t\t\t<div class=\"elementor-widget-wrap elementor-element-populated\">\n\t\t\t\t\t\t\t\t<div class=\"elementor-element elementor-element-6c7c37b elementor-widget elementor-widget-heading\" data-id=\"6c7c37b\" data-element_type=\"widget\" data-widget_type=\"heading.default\">\n\t\t\t\t<div class=\"elementor-widget-container\">\n\t\t\t<h2 class=\"elementor-heading-title elementor-size-default\">\u00c9dition et h\u00e9bergement du site<\/h2>\t\t<\/div>\n\t\t\t\t<\/div>\n\t\t\t\t<div class=\"elementor-element elementor-element-1d8fa93 elementor-widget elementor-widget-text-editor\" data-id=\"1d8fa93\" data-element_type=\"widget\" data-widget_type=\"text-editor.default\">\n\t\t\t\t<div class=\"elementor-widget-container\">\n\t\t\t\t\t\t\t<p>Le site\u00a0<strong>Beats Avenue<\/strong>\u00a0(www.beatsavenue.com) est \u00e9dit\u00e9 par la soci\u00e9t\u00e9\u00a0<strong>Clem\u2019s 5 Entertainment<\/strong>.<\/p><p>Clem\u2019s 5 Entertainment, SARL au capital de 2500 euros inscrite au RCS de Pontoise sous le num\u00e9ro 493\u00a0357 693. TVA intracommunautaire FR46493357693.<\/p><p>Si\u00e8ge social : 119 Le Clos de Bessancourt \u2013 95550 Bessancourt \u2013 France<\/p><p>T\u00e9l\u00a0: 06 52 39 54 06<\/p><p>Email\u00a0: contact[at]beatsavenue.com (remplacer [at] par @)<\/p><p>La soci\u00e9t\u00e9 Clem\u2019s 5 Entertainment est soumise au droit fran\u00e7ais.<\/p><p><strong>Directeur de la publication :<\/strong>\u00a0M. St\u00e9phane Clement<\/p><p><strong>Conception\/R\u00e9alisation :<\/strong>\u00a0Clem\u2019s 5 Entertainment<\/p><p><strong>H\u00e9bergeur :<\/strong>\u00a0OVH SAS, 2 rue Kellermann, 59100 Roubaix \u2013 France (T\u00e9l : 08 203 203 63 \/ n\u00b0 indigo (0,118 \u20ac\/min)) \u2013 www.ovh.com<\/p><p>Les vid\u00e9os externes sont h\u00e9berg\u00e9es sur YouTube, Dailymotion ou encore Vim\u00e9o.<\/p>\t\t\t\t\t\t<\/div>\n\t\t\t\t<\/div>\n\t\t\t\t<div class=\"elementor-element elementor-element-4b85727 elementor-widget elementor-widget-heading\" data-id=\"4b85727\" data-element_type=\"widget\" data-widget_type=\"heading.default\">\n\t\t\t\t<div class=\"elementor-widget-container\">\n\t\t\t<h2 class=\"elementor-heading-title elementor-size-default\">Propri\u00e9t\u00e9 Intellectuelle<\/h2>\t\t<\/div>\n\t\t\t\t<\/div>\n\t\t\t\t<div class=\"elementor-element elementor-element-ff92171 elementor-widget elementor-widget-text-editor\" data-id=\"ff92171\" data-element_type=\"widget\" data-widget_type=\"text-editor.default\">\n\t\t\t\t<div class=\"elementor-widget-container\">\n\t\t\t\t\t\t\t<p><strong><em>Droits d\u2019auteur<\/em><\/strong><\/p><p>Le Site, dans sa globalit\u00e9, a fait l\u2019objet d\u2019un d\u00e9p\u00f4t aupr\u00e8s de l\u2019organisme\u00a0<a href=\"http:\/\/www.copyrightfrance.com\/phtml\/copyright.php\">Copyright France<\/a>\u00a0avec constat d\u2019huissier.<\/p><p>La structure g\u00e9n\u00e9rale du Site et tous autres \u00e9l\u00e9ments le composant (tels que notamment : \u0153uvres musicales et audiovisuelles, textes, visuels, photographies, logos, nom de domaine) sont la propri\u00e9t\u00e9 exclusive de BEATS AVENUE ou ont fait l\u2019objet d\u2019une autorisation pr\u00e9alable d\u2019utilisation au b\u00e9n\u00e9fice de BEATS AVENUE.<\/p><p>En outre, les \u0153uvres musicales du Site ont fait l\u2019objet d\u2019un d\u00e9p\u00f4t aupr\u00e8s de la soci\u00e9t\u00e9\u00a0<a href=\"http:\/\/cid.adrev.net\/?r=11761\">AdRev<\/a>\u00a0qui prot\u00e8ge et administre les droits d\u2019auteur de celles-ci, notamment sur le site YouTube (<a href=\"http:\/\/www.youtube.com\/\">www.youtube.com<\/a>).<\/p><p>Toute reproduction et repr\u00e9sentation, totale ou partielle, du Site et\/ou des \u00e9l\u00e9ments le composant par quelque proc\u00e9d\u00e9 que ce soit, sans l\u2019autorisation expresse de BEATS AVENUE sont d\u00e8s lors formellement interdites et constitueraient une contrefa\u00e7on sanctionn\u00e9e par les articles L. 335-2 et suivants du Code de la propri\u00e9t\u00e9 intellectuelle.<\/p><p><strong><em>Marques<\/em><\/strong><\/p><p>BEATS AVENUE\u00ae est une marque d\u00e9pos\u00e9e \u00e0 l\u2019INPI par la soci\u00e9t\u00e9 Clem\u2019s 5 Entertainment.<\/p>\t\t\t\t\t\t<\/div>\n\t\t\t\t<\/div>\n\t\t\t\t<div class=\"elementor-element elementor-element-3f67bc6 elementor-widget elementor-widget-heading\" data-id=\"3f67bc6\" data-element_type=\"widget\" data-widget_type=\"heading.default\">\n\t\t\t\t<div class=\"elementor-widget-container\">\n\t\t\t<h2 class=\"elementor-heading-title elementor-size-default\">Gestion des donn\u00e9es \u00e0 caract\u00e8re personnel<\/h2>\t\t<\/div>\n\t\t\t\t<\/div>\n\t\t\t\t<div class=\"elementor-element elementor-element-f0150c6 elementor-widget elementor-widget-text-editor\" data-id=\"f0150c6\" data-element_type=\"widget\" data-widget_type=\"text-editor.default\">\n\t\t\t\t<div class=\"elementor-widget-container\">\n\t\t\t\t\t\t\t<p>Beats Avenue respecte votre vie priv\u00e9e. Notre Politique de confidentialit\u00e9 \u00e9nonce nos pratiques de confidentialit\u00e9 concernant la collecte et la gestion de vos informations par l\u2019interm\u00e9diaire de notre site internet, nos produits, services en ligne, applications et autres outils que nous proposons en ligne et hors-ligne. Elle pr\u00e9sente \u00e9galement nos pratiques de marketing et de publicit\u00e9.<\/p><p><a href=\"https:\/\/www.beatsavenue.com\/fr\/politique-de-confidentialite\/\">Consultez cette page pour prendre connaissance de notre politique de confidentialit\u00e9<\/a>.<\/p><p>Vous pouvez prendre connaissance des CGV quand l\u2019utilisation de notre site en\u00a0<a href=\"https:\/\/www.beatsavenue.com\/fr\/conditions-generales-de-vente\/\">cliquant ici<\/a>.<\/p>\t\t\t\t\t\t<\/div>\n\t\t\t\t<\/div>\n\t\t\t\t\t<\/div>\n\t\t<\/div>\n\t\t\t\t\t\t\t<\/div>\n\t\t<\/section>\n\t\t\t\t\t\t<\/div>\n\t\t\t\t\t<\/div>\n\t\t","protected":false},"excerpt":{"rendered":"<p>Mise \u00e0 jour : 26 juin 2018 \u00c9dition et h\u00e9bergement du site Le site\u00a0Beats Avenue\u00a0(www.beatsavenue.com) est \u00e9dit\u00e9 par la soci\u00e9t\u00e9\u00a0Clem\u2019s 5 Entertainment. Clem\u2019s 5 Entertainment, SARL au capital de 2500 euros inscrite au RCS de Pontoise sous le num\u00e9ro 493\u00a0357 693. TVA intracommunautaire FR46493357693. Si\u00e8ge social : 119 Le Clos de Bessancourt \u2013 95550 Bessancourt &hellip;<\/p>\n<p class=\"read-more\"> <a class=\"\" href=\"https:\/\/ba.dev.beatsavenue.com\/fr\/mentions-legales\/\"> <span class=\"screen-reader-text\">Mentions l\u00e9gales<\/span> Lire la suite\u00a0\u00bb<\/a><\/p>\n","protected":false},"author":1,"featured_media":0,"parent":0,"menu_order":0,"comment_status":"open","ping_status":"open","template":"elementor_header_footer","meta":[],"yoast_head":"<!-- This site is optimized with the Yoast SEO plugin v17.2.1 - https:\/\/yoast.com\/wordpress\/plugins\/seo\/ -->\n<title>Beats Avenue - Mentions l\u00e9gales<\/title>\n<meta name=\"description\" content=\"Mentions l\u00e9gales. Informatique et Libert\u00e9s Pour assurer la protection des donn\u00e9es personnelles qui peuvent \u00eatre ...\" \/>\n<meta name=\"robots\" content=\"noindex, follow, max-snippet:-1, max-image-preview:large, max-video-preview:-1\" \/>\n<meta property=\"og:locale\" content=\"fr_FR\" \/>\n<meta property=\"og:type\" content=\"article\" \/>\n<meta property=\"og:title\" content=\"Beats Avenue - Mentions l\u00e9gales\" \/>\n<meta property=\"og:description\" content=\"Mentions l\u00e9gales. Informatique et Libert\u00e9s Pour assurer la protection des donn\u00e9es personnelles qui peuvent \u00eatre ...\" \/>\n<meta property=\"og:url\" content=\"https:\/\/ba.dev.beatsavenue.com\/fr\/mentions-legales\/\" \/>\n<meta property=\"og:site_name\" content=\"Beats Avenue\" \/>\n<meta property=\"article:publisher\" content=\"https:\/\/www.facebook.com\/beatsavenue\" \/>\n<meta property=\"article:modified_time\" content=\"2021-09-29T07:25:18+00:00\" \/>\n<meta property=\"og:image\" content=\"https:\/\/ba.dev.beatsavenue.com\/wp-content\/uploads\/2015\/09\/beats-avenue-who-are-we.jpg\" \/>\n\t<meta property=\"og:image:width\" content=\"680\" \/>\n\t<meta property=\"og:image:height\" content=\"336\" \/>\n<meta name=\"twitter:card\" content=\"summary\" \/>\n<meta name=\"twitter:site\" content=\"@beats_avenue\" \/>\n<meta name=\"twitter:label1\" content=\"Dur\u00e9e de lecture estim\u00e9e\" \/>\n\t<meta name=\"twitter:data1\" content=\"2 minutes\" \/>\n<!-- \/ Yoast SEO plugin. -->","yoast_head_json":{"title":"Beats Avenue - Mentions l\u00e9gales","description":"Mentions l\u00e9gales. Informatique et Libert\u00e9s Pour assurer la protection des donn\u00e9es personnelles qui peuvent \u00eatre ...","robots":{"index":"noindex","follow":"follow","max-snippet":"max-snippet:-1","max-image-preview":"max-image-preview:large","max-video-preview":"max-video-preview:-1"},"og_locale":"fr_FR","og_type":"article","og_title":"Beats Avenue - Mentions l\u00e9gales","og_description":"Mentions l\u00e9gales. Informatique et Libert\u00e9s Pour assurer la protection des donn\u00e9es personnelles qui peuvent \u00eatre ...","og_url":"https:\/\/ba.dev.beatsavenue.com\/fr\/mentions-legales\/","og_site_name":"Beats Avenue","article_publisher":"https:\/\/www.facebook.com\/beatsavenue","article_modified_time":"2021-09-29T07:25:18+00:00","og_image":[{"width":680,"height":336,"url":"https:\/\/ba.dev.beatsavenue.com\/wp-content\/uploads\/2015\/09\/beats-avenue-who-are-we.jpg","path":"\/home\/beatsave\/beatsavenuedev\/wp-content\/uploads\/2015\/09\/beats-avenue-who-are-we.jpg","size":"full","id":2830,"alt":"","pixels":228480,"type":"image\/jpeg"}],"twitter_card":"summary","twitter_site":"@beats_avenue","twitter_misc":{"Dur\u00e9e de lecture estim\u00e9e":"2 minutes"},"schema":{"@context":"https:\/\/schema.org","@graph":[{"@type":"WebSite","@id":"https:\/\/ba.dev.beatsavenue.com\/#website","url":"https:\/\/ba.dev.beatsavenue.com\/","name":"Beats Avenue","description":"Where your music comes true!","potentialAction":[{"@type":"SearchAction","target":{"@type":"EntryPoint","urlTemplate":"https:\/\/ba.dev.beatsavenue.com\/?s={search_term_string}"},"query-input":"required name=search_term_string"}],"inLanguage":"fr-FR"},{"@type":"WebPage","@id":"https:\/\/ba.dev.beatsavenue.com\/fr\/mentions-legales\/#webpage","url":"https:\/\/ba.dev.beatsavenue.com\/fr\/mentions-legales\/","name":"Beats Avenue - Mentions l\u00e9gales","isPartOf":{"@id":"https:\/\/ba.dev.beatsavenue.com\/#website"},"datePublished":"2014-11-25T09:39:02+00:00","dateModified":"2021-09-29T07:25:18+00:00","description":"Mentions l\u00e9gales. Informatique et Libert\u00e9s Pour assurer la protection des donn\u00e9es personnelles qui peuvent \u00eatre ...","breadcrumb":{"@id":"https:\/\/ba.dev.beatsavenue.com\/fr\/mentions-legales\/#breadcrumb"},"inLanguage":"fr-FR","potentialAction":[{"@type":"ReadAction","target":["https:\/\/ba.dev.beatsavenue.com\/fr\/mentions-legales\/"]}]},{"@type":"BreadcrumbList","@id":"https:\/\/ba.dev.beatsavenue.com\/fr\/mentions-legales\/#breadcrumb","itemListElement":[{"@type":"ListItem","position":1,"name":"Home","item":"https:\/\/ba.dev.beatsavenue.com\/fr\/"},{"@type":"ListItem","position":2,"name":"Mentions l\u00e9gales"}]}]}},"_links":{"self":[{"href":"https:\/\/ba.dev.beatsavenue.com\/fr\/wp-json\/wp\/v2\/pages\/1101"}],"collection":[{"href":"https:\/\/ba.dev.beatsavenue.com\/fr\/wp-json\/wp\/v2\/pages"}],"about":[{"href":"https:\/\/ba.dev.beatsavenue.com\/fr\/wp-json\/wp\/v2\/types\/page"}],"author":[{"embeddable":true,"href":"https:\/\/ba.dev.beatsavenue.com\/fr\/wp-json\/wp\/v2\/users\/1"}],"replies":[{"embeddable":true,"href":"https:\/\/ba.dev.beatsavenue.com\/fr\/wp-json\/wp\/v2\/comments?post=1101"}],"version-history":[{"count":3,"href":"https:\/\/ba.dev.beatsavenue.com\/fr\/wp-json\/wp\/v2\/pages\/1101\/revisions"}],"predecessor-version":[{"id":8991,"href":"https:\/\/ba.dev.beatsavenue.com\/fr\/wp-json\/wp\/v2\/pages\/1101\/revisions\/8991"}],"wp:attachment":[{"href":"https:\/\/ba.dev.beatsavenue.com\/fr\/wp-json\/wp\/v2\/media?parent=1101"}],"curies":[{"name":"wp","href":"https:\/\/api.w.org\/{rel}","templated":true}]}}