{"id":949,"date":"2014-11-19T17:55:11","date_gmt":"2014-11-19T17:55:11","guid":{"rendered":"http:\/\/ba.dev.beatsavenue.com\/videos-2\/"},"modified":"2021-09-28T19:42:25","modified_gmt":"2021-09-28T17:42:25","slug":"spotlight-artistes","status":"publish","type":"page","link":"https:\/\/ba.dev.beatsavenue.com\/fr\/spotlight-artistes\/","title":{"rendered":"Spotlight Artistes"},"content":{"rendered":"\t\t<div data-elementor-type=\"wp-page\" data-elementor-id=\"949\" class=\"elementor elementor-949 elementor-217\" data-elementor-settings=\"[]\">\n\t\t\t\t\t\t\t<div class=\"elementor-section-wrap\">\n\t\t\t\t\t\t\t<section data-particle_enable=\"false\" data-particle-mobile-disabled=\"false\" class=\"elementor-section elementor-top-section elementor-element elementor-element-0c471f4 elementor-section-full_width elementor-section-height-min-height elementor-section-stretched elementor-section-height-default elementor-section-items-middle\" data-id=\"0c471f4\" data-element_type=\"section\" data-settings=\"{&quot;stretch_section&quot;:&quot;section-stretched&quot;,&quot;background_background&quot;:&quot;gradient&quot;}\">\n\t\t\t\t\t\t<div class=\"elementor-container elementor-column-gap-default\">\n\t\t\t\t\t<div class=\"elementor-column elementor-col-100 elementor-top-column elementor-element elementor-element-53be918\" data-id=\"53be918\" data-element_type=\"column\">\n\t\t\t<div class=\"elementor-widget-wrap elementor-element-populated\">\n\t\t\t\t\t\t\t\t\t<\/div>\n\t\t<\/div>\n\t\t\t\t\t\t\t<\/div>\n\t\t<\/section>\n\t\t\t\t<section data-particle_enable=\"false\" data-particle-mobile-disabled=\"false\" class=\"elementor-section elementor-top-section elementor-element elementor-element-786d7be elementor-section-boxed elementor-section-height-default elementor-section-height-default\" data-id=\"786d7be\" data-element_type=\"section\" data-settings=\"{&quot;background_background&quot;:&quot;classic&quot;}\">\n\t\t\t\t\t\t<div class=\"elementor-container elementor-column-gap-default\">\n\t\t\t\t\t<div class=\"elementor-column elementor-col-100 elementor-top-column elementor-element elementor-element-40e334f\" data-id=\"40e334f\" data-element_type=\"column\">\n\t\t\t<div class=\"elementor-widget-wrap elementor-element-populated\">\n\t\t\t\t\t\t\t\t<section data-particle_enable=\"false\" data-particle-mobile-disabled=\"false\" class=\"elementor-section elementor-inner-section elementor-element elementor-element-fddd738 elementor-section-boxed elementor-section-height-default elementor-section-height-default\" data-id=\"fddd738\" data-element_type=\"section\">\n\t\t\t\t\t\t<div class=\"elementor-container elementor-column-gap-default\">\n\t\t\t\t\t<div class=\"elementor-column elementor-col-100 elementor-inner-column elementor-element elementor-element-30026f1\" data-id=\"30026f1\" data-element_type=\"column\">\n\t\t\t<div class=\"elementor-widget-wrap elementor-element-populated\">\n\t\t\t\t\t\t\t\t<div class=\"elementor-element elementor-element-6eccbd4 elementor-headline--style-highlight elementor-widget elementor-widget-animated-headline\" data-id=\"6eccbd4\" data-element_type=\"widget\" data-settings=\"{&quot;marker&quot;:&quot;underline&quot;,&quot;highlighted_text&quot;:&quot;Beats Avenue est l\\u00e0 pour vous aider!&quot;,&quot;headline_style&quot;:&quot;highlight&quot;,&quot;loop&quot;:&quot;yes&quot;,&quot;highlight_animation_duration&quot;:1200,&quot;highlight_iteration_delay&quot;:8000}\" data-widget_type=\"animated-headline.default\">\n\t\t\t\t<div class=\"elementor-widget-container\">\n\t\t\t\t\t<h3 class=\"elementor-headline\">\n\t\t\t\t\t<span class=\"elementor-headline-plain-text elementor-headline-text-wrapper\">Sur votre chemin vers le succ\u00e8s,<\/span>\n\t\t\t\t<span class=\"elementor-headline-dynamic-wrapper elementor-headline-text-wrapper\">\n\t\t\t\t\t<span class=\"elementor-headline-dynamic-text elementor-headline-text-active\">Beats Avenue est l\u00e0 pour vous aider!<\/span>\n\t\t\t\t<\/span>\n\t\t\t\t<\/h3>\n\t\t\t\t<\/div>\n\t\t\t\t<\/div>\n\t\t\t\t\t<\/div>\n\t\t<\/div>\n\t\t\t\t\t\t\t<\/div>\n\t\t<\/section>\n\t\t\t\t<section data-particle_enable=\"false\" data-particle-mobile-disabled=\"false\" class=\"elementor-section elementor-inner-section elementor-element elementor-element-f22d935 elementor-section-boxed elementor-section-height-default elementor-section-height-default\" data-id=\"f22d935\" data-element_type=\"section\">\n\t\t\t\t\t\t<div class=\"elementor-container elementor-column-gap-default\">\n\t\t\t\t\t<div class=\"elementor-column elementor-col-50 elementor-inner-column elementor-element elementor-element-5ddbaf8\" data-id=\"5ddbaf8\" data-element_type=\"column\">\n\t\t\t<div class=\"elementor-widget-wrap elementor-element-populated\">\n\t\t\t\t\t\t\t\t<div class=\"elementor-element elementor-element-e652b29 elementor-widget elementor-widget-text-editor\" data-id=\"e652b29\" data-element_type=\"widget\" data-widget_type=\"text-editor.default\">\n\t\t\t\t<div class=\"elementor-widget-container\">\n\t\t\t\t\t\t\t<p style=\"text-align: justify;\">Si vous avez achet\u00e9 de la musique sur notre site et que vous souhaitez partager votre cr\u00e9ation finale (chanson, vid\u00e9o musicale, film etc.), envoyez-nous un message pour que nous la partagions sur Beats Avenue!<\/p>\t\t\t\t\t\t<\/div>\n\t\t\t\t<\/div>\n\t\t\t\t<div class=\"elementor-element elementor-element-5f2c7bc elementor-align-center elementor-widget elementor-widget-button\" data-id=\"5f2c7bc\" data-element_type=\"widget\" data-widget_type=\"button.default\">\n\t\t\t\t<div class=\"elementor-widget-container\">\n\t\t\t\t\t<div class=\"elementor-button-wrapper\">\n\t\t\t<a href=\"https:\/\/ba.dev.beatsavenue.com\/fr\/contact\/\" class=\"elementor-button-link elementor-button elementor-size-sm\" role=\"button\">\n\t\t\t\t\t\t<span class=\"elementor-button-content-wrapper\">\n\t\t\t\t\t\t<span class=\"elementor-button-icon elementor-align-icon-left\">\n\t\t\t\t<i aria-hidden=\"true\" class=\"fas fa-envelope\"><\/i>\t\t\t<\/span>\n\t\t\t\t\t\t<span class=\"elementor-button-text\">Contactez-nous<\/span>\n\t\t<\/span>\n\t\t\t\t\t<\/a>\n\t\t<\/div>\n\t\t\t\t<\/div>\n\t\t\t\t<\/div>\n\t\t\t\t<div class=\"elementor-element elementor-element-ec12c4a elementor-align-center elementor-widget elementor-widget-button\" data-id=\"ec12c4a\" data-element_type=\"widget\" data-widget_type=\"button.default\">\n\t\t\t\t<div class=\"elementor-widget-container\">\n\t\t\t\t\t<div class=\"elementor-button-wrapper\">\n\t\t\t<a href=\"#videos\" class=\"elementor-button-link elementor-button elementor-size-sm\" role=\"button\">\n\t\t\t\t\t\t<span class=\"elementor-button-content-wrapper\">\n\t\t\t\t\t\t<span class=\"elementor-button-icon elementor-align-icon-left\">\n\t\t\t\t<i aria-hidden=\"true\" class=\"fas fa-music\"><\/i>\t\t\t<\/span>\n\t\t\t\t\t\t<span class=\"elementor-button-text\">\u00c9coutez les artistes Spotlight de Beats Avenue<\/span>\n\t\t<\/span>\n\t\t\t\t\t<\/a>\n\t\t<\/div>\n\t\t\t\t<\/div>\n\t\t\t\t<\/div>\n\t\t\t\t\t<\/div>\n\t\t<\/div>\n\t\t\t\t<div class=\"elementor-column elementor-col-50 elementor-inner-column elementor-element elementor-element-584d25d\" data-id=\"584d25d\" data-element_type=\"column\">\n\t\t\t<div class=\"elementor-widget-wrap elementor-element-populated\">\n\t\t\t\t\t\t\t\t<div class=\"elementor-element elementor-element-d15cdcc elementor-aspect-ratio-169 elementor-widget elementor-widget-video\" data-id=\"d15cdcc\" data-element_type=\"widget\" data-settings=\"{&quot;youtube_url&quot;:&quot;http:\\\/\\\/youtu.be\\\/IVQ_yAadHlg&quot;,&quot;video_type&quot;:&quot;youtube&quot;,&quot;controls&quot;:&quot;yes&quot;,&quot;aspect_ratio&quot;:&quot;169&quot;}\" data-widget_type=\"video.default\">\n\t\t\t\t<div class=\"elementor-widget-container\">\n\t\t\t\t\t<div class=\"elementor-wrapper elementor-fit-aspect-ratio elementor-open-inline\">\n\t\t\t<div class=\"elementor-video\"><\/div>\t\t<\/div>\n\t\t\t\t<\/div>\n\t\t\t\t<\/div>\n\t\t\t\t\t<\/div>\n\t\t<\/div>\n\t\t\t\t\t\t\t<\/div>\n\t\t<\/section>\n\t\t\t\t\t<\/div>\n\t\t<\/div>\n\t\t\t\t\t\t\t<\/div>\n\t\t<\/section>\n\t\t\t\t<section data-particle_enable=\"false\" data-particle-mobile-disabled=\"false\" class=\"elementor-section elementor-top-section elementor-element elementor-element-dafcf4f elementor-section-stretched elementor-section-boxed elementor-section-height-default elementor-section-height-default\" data-id=\"dafcf4f\" data-element_type=\"section\" id=\"videos\" data-settings=\"{&quot;stretch_section&quot;:&quot;section-stretched&quot;,&quot;background_background&quot;:&quot;gradient&quot;}\">\n\t\t\t\t\t\t<div class=\"elementor-container elementor-column-gap-default\">\n\t\t\t\t\t<div class=\"elementor-column elementor-col-100 elementor-top-column elementor-element elementor-element-a7cc0ea\" data-id=\"a7cc0ea\" data-element_type=\"column\">\n\t\t\t<div class=\"elementor-widget-wrap elementor-element-populated\">\n\t\t\t\t\t\t\t\t<div class=\"elementor-element elementor-element-7c3cca0 elementor-headline--style-highlight elementor-widget elementor-widget-animated-headline\" data-id=\"7c3cca0\" data-element_type=\"widget\" data-settings=\"{&quot;marker&quot;:&quot;underline&quot;,&quot;headline_style&quot;:&quot;highlight&quot;,&quot;loop&quot;:&quot;yes&quot;,&quot;highlight_animation_duration&quot;:1200,&quot;highlight_iteration_delay&quot;:8000}\" data-widget_type=\"animated-headline.default\">\n\t\t\t\t<div class=\"elementor-widget-container\">\n\t\t\t\t\t<h3 class=\"elementor-headline\">\n\t\t\t\t\t<span class=\"elementor-headline-plain-text elementor-headline-text-wrapper\">Spotlight Artistes (musique produite par Beats Avenue)<\/span>\n\t\t\t\t<span class=\"elementor-headline-dynamic-wrapper elementor-headline-text-wrapper\">\n\t\t\t\t<\/span>\n\t\t\t\t<\/h3>\n\t\t\t\t<\/div>\n\t\t\t\t<\/div>\n\t\t\t\t<div class=\"elementor-element elementor-element-eabb4e6 elementor-widget-divider--view-line_icon elementor-view-default elementor-widget-divider--element-align-center elementor-widget elementor-widget-divider\" data-id=\"eabb4e6\" data-element_type=\"widget\" data-widget_type=\"divider.default\">\n\t\t\t\t<div class=\"elementor-widget-container\">\n\t\t\t\t\t<div class=\"elementor-divider\">\n\t\t\t<span class=\"elementor-divider-separator\">\n\t\t\t\t\t\t\t<div class=\"elementor-icon elementor-divider__element\">\n\t\t\t\t\t<i aria-hidden=\"true\" class=\"fas fa-music\"><\/i><\/div>\n\t\t\t\t\t\t<\/span>\n\t\t<\/div>\n\t\t\t\t<\/div>\n\t\t\t\t<\/div>\n\t\t\t\t<div class=\"elementor-element elementor-element-22ba496 elementor-widget elementor-widget-shortcode\" data-id=\"22ba496\" data-element_type=\"widget\" data-widget_type=\"shortcode.default\">\n\t\t\t\t<div class=\"elementor-widget-container\">\n\t\t\t\t\t<div class=\"elementor-shortcode\">\n            <div \n                class=\"elfsight-widget-youtube-gallery elfsight-widget\" \n                data-elfsight-youtube-gallery-options=\"%7B%22channel%22%3A%22https%3A%5C%2F%5C%2Fwww.youtube.com%5C%2Fuser%5C%2FBeatsAvenue%22%2C%22sourceGroups%22%3A%5B%7B%22name%22%3A%22Featured%20Artists%22%2C%22sources%22%3A%5B%22https%3A%5C%2F%5C%2Fwww.youtube.com%5C%2Fplaylist%3Flist%3DPLZp3-p-afQyDHh2tZxNTw81t8GH9YPak7%22%5D%7D%5D%2C%22headerVisible%22%3Atrue%2C%22headerLayout%22%3A%22minimal%22%2C%22headerInfo%22%3A%5B%22channelName%22%2C%22channelDescription%22%2C%22videosCounter%22%2C%22subscribersCounter%22%2C%22viewsCounter%22%2C%22subscribeButton%22%2C%22logo%22%5D%2C%22headerChannelName%22%3Anull%2C%22headerChannelDescription%22%3A%22Subscribe%20to%20our%20YouTube%20Channel%20%5Cu27a1%22%2C%22headerChannelLogo%22%3A%22%22%2C%22headerChannelBanner%22%3A%22%22%2C%22contentColumns%22%3A4%2C%22contentRows%22%3A4%2C%22contentGutter%22%3A15%2C%22contentResponsive%22%3A%7B%22812%22%3A%7B%22columns%22%3A%222%22%2C%22rows%22%3A%222%22%2C%22gutter%22%3A%2215%22%7D%7D%2C%22width%22%3A%22auto%22%2C%22videoLayout%22%3A%22classic%22%2C%22videoInfo%22%3A%5B%22duration%22%2C%22title%22%5D%2C%22videoPlayMode%22%3A%22popup%22%2C%22popupInfo%22%3A%5B%22title%22%5D%2C%22popupAutoplay%22%3Atrue%2C%22contentDirection%22%3A%22horizontal%22%2C%22contentArrowsControl%22%3Atrue%2C%22contentScrollControl%22%3Afalse%2C%22contentDragControl%22%3Atrue%2C%22contentPaginationControl%22%3Atrue%2C%22contentScrollbar%22%3Afalse%2C%22contentSearch%22%3Afalse%2C%22contentDivider1%22%3Anull%2C%22contentTransitionSpeed%22%3A%22600%22%2C%22contentTransitionEffect%22%3A%22slide%22%2C%22contentFreeMode%22%3Afalse%2C%22contentDivider2%22%3Anull%2C%22contentAuto%22%3A%220%22%2C%22contentAutoPauseOnHover%22%3Afalse%2C%22colorScheme%22%3A%22default%22%2C%22colorHeaderBg%22%3A%22rgb%28255%2C%20255%2C%20255%29%22%2C%22colorHeaderBannerOverlay%22%3A%22rgba%28255%2C%20255%2C%20255%2C%200.81%29%22%2C%22colorHeaderChannelName%22%3A%22rgb%2834%2C%2034%2C%2034%29%22%2C%22colorHeaderChannelNameHover%22%3A%22rgb%2847%2C%20165%2C%20255%29%22%2C%22colorHeaderChannelDescription%22%3A%22rgb%2834%2C%2034%2C%2034%29%22%2C%22colorHeaderAnchor%22%3A%22rgb%2847%2C%20165%2C%20255%29%22%2C%22colorHeaderAnchorHover%22%3A%22rgb%2834%2C%2034%2C%2034%29%22%2C%22colorHeaderCounters%22%3A%22rgb%28102%2C%20102%2C%20102%29%22%2C%22colorGroupsBg%22%3A%22rgb%28255%2C%20255%2C%20255%29%22%2C%22colorGroupsLink%22%3A%22rgb%2879%2C%2079%2C%2079%29%22%2C%22colorGroupsLinkHover%22%3A%22rgb%2879%2C%2079%2C%2079%29%22%2C%22colorGroupsLinkActive%22%3A%22rgb%280%2C%200%2C%200%29%22%2C%22colorGroupsHighlightHover%22%3A%22rgb%28255%2C%200%2C%200%29%22%2C%22colorGroupsHighlightActive%22%3A%22rgb%28255%2C%200%2C%200%29%22%2C%22colorVideoBg%22%3A%22rgb%28243%2C%20243%2C%20243%29%22%2C%22colorVideoOverlay%22%3A%22rgba%28255%2C%20255%2C%20255%2C%200.9%29%22%2C%22colorVideoPlayIcon%22%3A%22rgba%28255%2C%20255%2C%20255%2C%200.62%29%22%2C%22colorVideoPlayIconHover%22%3A%22rgba%28255%2C%20255%2C%20255%2C%200.8%29%22%2C%22colorVideoDuration%22%3A%22rgb%28255%2C%20255%2C%20255%29%22%2C%22colorVideoDurationBg%22%3A%22rgba%2834%2C%2034%2C%2034%2C%200.81%29%22%2C%22colorVideoTitle%22%3A%22rgb%2826%2C%20137%2C%20222%29%22%2C%22colorVideoTitleHover%22%3A%22rgb%2847%2C%20165%2C%20255%29%22%2C%22colorVideoDate%22%3A%22rgb%28140%2C%20140%2C%20140%29%22%2C%22colorVideoDescription%22%3A%22rgb%2834%2C%2034%2C%2034%29%22%2C%22colorVideoAnchor%22%3A%22rgb%2826%2C%20137%2C%20222%29%22%2C%22colorVideoAnchorHover%22%3A%22rgb%2847%2C%20165%2C%20255%29%22%2C%22colorVideoCounters%22%3A%22rgb%28149%2C%20149%2C%20149%29%22%2C%22colorPopupBg%22%3A%22rgb%28255%2C%20255%2C%20255%29%22%2C%22colorPopupAnchor%22%3A%22rgb%2826%2C%20137%2C%20222%29%22%2C%22colorPopupAnchorHover%22%3A%22rgb%2847%2C%20165%2C%20255%29%22%2C%22colorPopupOverlay%22%3A%22rgba%280%2C%200%2C%200%2C%200.7%29%22%2C%22colorPopupTitle%22%3A%22rgb%2834%2C%2034%2C%2034%29%22%2C%22colorPopupChannelName%22%3A%22rgb%2834%2C%2034%2C%2034%29%22%2C%22colorPopupChannelNameHover%22%3A%22rgb%2847%2C%20165%2C%20255%29%22%2C%22colorPopupViewsCounter%22%3A%22rgb%2885%2C%2085%2C%2085%29%22%2C%22colorPopupLikesRatio%22%3A%22rgb%2847%2C%20165%2C%20255%29%22%2C%22colorPopupDislikesRatio%22%3A%22rgb%28207%2C%20207%2C%20207%29%22%2C%22colorPopupLikesCounter%22%3A%22rgb%28144%2C%20144%2C%20144%29%22%2C%22colorPopupDislikesCounter%22%3A%22rgb%28144%2C%20144%2C%20144%29%22%2C%22colorPopupShare%22%3A%22rgba%2817%2C%2017%2C%2017%2C%200.5%29%22%2C%22colorPopupDate%22%3A%22rgb%2834%2C%2034%2C%2034%29%22%2C%22colorPopupDescription%22%3A%22rgb%2834%2C%2034%2C%2034%29%22%2C%22colorPopupDescriptionMoreButton%22%3A%22rgb%28102%2C%20102%2C%20102%29%22%2C%22colorPopupDescriptionMoreButtonHover%22%3A%22rgb%2834%2C%2034%2C%2034%29%22%2C%22colorPopupCommentsUsername%22%3A%22rgb%2834%2C%2034%2C%2034%29%22%2C%22colorPopupCommentsUsernameHover%22%3A%22rgb%2847%2C%20165%2C%20255%29%22%2C%22colorPopupCommentsPassedTime%22%3A%22rgb%28115%2C%20115%2C%20115%29%22%2C%22colorPopupCommentsLikes%22%3A%22rgb%28180%2C%20180%2C%20180%29%22%2C%22colorPopupCommentsText%22%3A%22rgb%2834%2C%2034%2C%2034%29%22%2C%22colorPopupControls%22%3A%22rgb%28160%2C%20160%2C%20160%29%22%2C%22colorPopupControlsHover%22%3A%22rgb%28220%2C%20220%2C%20220%29%22%2C%22colorPopupControlsMobile%22%3A%22rgb%28220%2C%20220%2C%20220%29%22%2C%22colorPopupControlsMobileBg%22%3A%22rgba%28255%2C%20255%2C%20255%2C%200%29%22%2C%22colorContentBg%22%3A%22rgb%28255%2C%20255%2C%20255%29%22%2C%22colorContentArrows%22%3A%22rgb%28255%2C%20255%2C%20255%29%22%2C%22colorContentArrowsHover%22%3A%22rgb%28255%2C%200%2C%200%29%22%2C%22colorContentArrowsBg%22%3A%22rgba%280%2C%200%2C%200%2C%200.4%29%22%2C%22colorContentArrowsBgHover%22%3A%22rgba%280%2C%200%2C%200%2C%200.8%29%22%2C%22colorContentScrollbarBg%22%3A%22rgb%28204%2C%20204%2C%20204%29%22%2C%22colorContentScrollbarSliderBg%22%3A%22rgba%280%2C%200%2C%200%2C%200.4%29%22%2C%22lang%22%3A%22en%22%2C%22adsClient%22%3A%22%22%2C%22adsSlotsContent%22%3A%22%22%2C%22adsSlotsPopup%22%3A%22%22%2C%22noCookies%22%3Anull%2C%22key%22%3A%22AIzaSyCpdjhMGU4qkgNfbR_jONJLwlTZBrASjac%22%2C%22apiUrl%22%3A%22https%3A%5C%2F%5C%2Fba.dev.beatsavenue.com%5C%2Ffr%5C%2Fwp-json%5C%2Felfsight-youtube-gallery%5C%2Fapi%22%2C%22widgetId%22%3A%221%22%7D\" \n                data-elfsight-youtube-gallery-version=\"3.5.0\"\n                data-elfsight-widget-id=\"elfsight-youtube-gallery-1\">\n            <\/div>\n            <\/div>\n\t\t\t\t<\/div>\n\t\t\t\t<\/div>\n\t\t\t\t<div class=\"elementor-element elementor-element-2e3b0bc elementor-widget elementor-widget-audio\" data-id=\"2e3b0bc\" data-element_type=\"widget\" data-widget_type=\"audio.default\">\n\t\t\t\t<div class=\"elementor-widget-container\">\n\t\t\t\t\t\t<div class=\"elementor-soundcloud-wrapper\">\n\t\t\t\t<iframe loading=\"lazy\" width=\"500\" height=\"450\" frameborder=\"no\" src=\"https:\/\/w.soundcloud.com\/player\/?visual=false&#038;url=https%3A%2F%2Fapi.soundcloud.com%2Fplaylists%2F502970718&#038;show_artwork=true&#038;maxheight=750&#038;maxwidth=500&#038;secret_token=s-d0Okn&#038;auto_play=false&#038;buying=false&#038;liking=true&#038;download=false&#038;sharing=false&#038;show_comments=false&#038;show_playcount=true&#038;show_user=true&#038;color\"><\/iframe>\t\t\t<\/div>\n\t\t\t\t\t<\/div>\n\t\t\t\t<\/div>\n\t\t\t\t\t<\/div>\n\t\t<\/div>\n\t\t\t\t\t\t\t<\/div>\n\t\t<\/section>\n\t\t\t\t<section data-particle_enable=\"false\" data-particle-mobile-disabled=\"false\" class=\"elementor-section elementor-top-section elementor-element elementor-element-a97b7ff elementor-section-full_width elementor-section-stretched elementor-section-height-default elementor-section-height-default\" data-id=\"a97b7ff\" data-element_type=\"section\" data-settings=\"{&quot;stretch_section&quot;:&quot;section-stretched&quot;}\">\n\t\t\t\t\t\t<div class=\"elementor-container elementor-column-gap-no\">\n\t\t\t\t\t<div class=\"elementor-column elementor-col-100 elementor-top-column elementor-element elementor-element-745fb74\" data-id=\"745fb74\" data-element_type=\"column\">\n\t\t\t<div class=\"elementor-widget-wrap elementor-element-populated\">\n\t\t\t\t\t\t\t\t<div class=\"elementor-element elementor-element-48fce12 elementor-widget elementor-widget-template\" data-id=\"48fce12\" data-element_type=\"widget\" data-widget_type=\"template.default\">\n\t\t\t\t<div class=\"elementor-widget-container\">\n\t\t\t\t\t<div class=\"elementor-template\">\n\t\t\t\t\t<div data-elementor-type=\"section\" data-elementor-id=\"8617\" class=\"elementor elementor-8617 elementor-7571\" data-elementor-settings=\"[]\">\n\t\t<div class=\"elementor-section-wrap\">\n\t\t\t\t\t<section data-particle_enable=\"false\" data-particle-mobile-disabled=\"false\" class=\"elementor-section elementor-top-section elementor-element elementor-element-4bd23ad4 elementor-section-height-min-height elementor-section-content-middle elementor-section-stretched elementor-section-boxed elementor-section-height-default elementor-section-items-middle\" data-id=\"4bd23ad4\" data-element_type=\"section\" data-settings=\"{&quot;stretch_section&quot;:&quot;section-stretched&quot;,&quot;background_background&quot;:&quot;classic&quot;}\">\n\t\t\t\t\t\t<div class=\"elementor-container elementor-column-gap-default\">\n\t\t\t\t\t<div class=\"elementor-column elementor-col-100 elementor-top-column elementor-element elementor-element-7a3a296\" data-id=\"7a3a296\" data-element_type=\"column\">\n\t\t\t<div class=\"elementor-widget-wrap elementor-element-populated\">\n\t\t\t\t\t\t\t\t<div class=\"elementor-element elementor-element-491d4b32 content-align-cta-center elementor-widget elementor-widget-eael-cta-box\" data-id=\"491d4b32\" data-element_type=\"widget\" data-widget_type=\"eael-cta-box.default\">\n\t\t\t\t<div class=\"elementor-widget-container\">\n\t\t\t\t\t<div class=\"eael-call-to-action bg-lite\">\n        <h3 class=\"title\">5 instrus gratuites et un coupon de r\u00e9duction sur votre prochain achat, \u00e7a vous int\u00e9resse?<\/h3><p><\/p><a href=\"https:\/\/ba.dev.beatsavenue.com\/fr\/instrus-gratuites\/\"   class=\"cta-button \">Recevoir maintenant<\/a>\t<\/div>\n\t\t\t\t\t\t<\/div>\n\t\t\t\t<\/div>\n\t\t\t\t\t<\/div>\n\t\t<\/div>\n\t\t\t\t\t\t\t<\/div>\n\t\t<\/section>\n\t\t\t\t<\/div>\n\t\t<\/div>\n\t\t\t\t<\/div>\n\t\t\t\t<\/div>\n\t\t\t\t<\/div>\n\t\t\t\t\t<\/div>\n\t\t<\/div>\n\t\t\t\t\t\t\t<\/div>\n\t\t<\/section>\n\t\t\t\t\t\t<\/div>\n\t\t\t\t\t<\/div>\n\t\t","protected":false},"excerpt":{"rendered":"<p>Sur votre chemin vers le succ\u00e8s, Beats Avenue est l\u00e0 pour vous aider! Si vous avez achet\u00e9 de la musique sur notre site et que vous souhaitez partager votre cr\u00e9ation finale (chanson, vid\u00e9o musicale, film etc.), envoyez-nous un message pour que nous la partagions sur Beats Avenue! Contactez-nous \u00c9coutez les artistes Spotlight de Beats Avenue &hellip;<\/p>\n<p class=\"read-more\"> <a class=\"\" href=\"https:\/\/ba.dev.beatsavenue.com\/fr\/spotlight-artistes\/\"> <span class=\"screen-reader-text\">Spotlight Artistes<\/span> Lire la suite\u00a0\u00bb<\/a><\/p>\n","protected":false},"author":1,"featured_media":0,"parent":0,"menu_order":0,"comment_status":"closed","ping_status":"closed","template":"elementor_header_footer","meta":[],"yoast_head":"<!-- This site is optimized with the Yoast SEO plugin v17.2.1 - https:\/\/yoast.com\/wordpress\/plugins\/seo\/ -->\n<title>Beats Avenue - Spotlight Artistes<\/title>\n<meta name=\"description\" content=\"Spotlight sur les artistes de Beats Avenue. Vous voulez \u00eatre mis en avant? Partagez avec nous vos chansons et vid\u00e9os faites \u00e0 partir des beats, instrumentales achet\u00e9es sur BeatsAvenue.com.\" \/>\n<meta name=\"robots\" content=\"noindex, follow, max-snippet:-1, max-image-preview:large, max-video-preview:-1\" \/>\n<meta property=\"og:locale\" content=\"fr_FR\" \/>\n<meta property=\"og:type\" content=\"article\" \/>\n<meta property=\"og:title\" content=\"Beats Avenue - Spotlight Artistes\" \/>\n<meta property=\"og:description\" content=\"Spotlight sur les artistes de Beats Avenue. Vous voulez \u00eatre mis en avant? Partagez avec nous vos chansons et vid\u00e9os faites \u00e0 partir des beats, instrumentales achet\u00e9es sur BeatsAvenue.com.\" \/>\n<meta property=\"og:url\" content=\"https:\/\/ba.dev.beatsavenue.com\/fr\/spotlight-artistes\/\" \/>\n<meta property=\"og:site_name\" content=\"Beats Avenue\" \/>\n<meta property=\"article:publisher\" content=\"https:\/\/www.facebook.com\/beatsavenue\" \/>\n<meta property=\"article:modified_time\" content=\"2021-09-28T17:42:25+00:00\" \/>\n<meta property=\"og:image\" content=\"https:\/\/ba.dev.beatsavenue.com\/wp-content\/uploads\/2015\/09\/beats-avenue-who-are-we.jpg\" \/>\n\t<meta property=\"og:image:width\" content=\"680\" \/>\n\t<meta property=\"og:image:height\" content=\"336\" \/>\n<meta name=\"twitter:card\" content=\"summary\" \/>\n<meta name=\"twitter:site\" content=\"@beats_avenue\" \/>\n<meta name=\"twitter:label1\" content=\"Dur\u00e9e de lecture estim\u00e9e\" \/>\n\t<meta name=\"twitter:data1\" content=\"1 minute\" \/>\n<!-- \/ Yoast SEO plugin. -->","yoast_head_json":{"title":"Beats Avenue - Spotlight Artistes","description":"Spotlight sur les artistes de Beats Avenue. Vous voulez \u00eatre mis en avant? Partagez avec nous vos chansons et vid\u00e9os faites \u00e0 partir des beats, instrumentales achet\u00e9es sur BeatsAvenue.com.","robots":{"index":"noindex","follow":"follow","max-snippet":"max-snippet:-1","max-image-preview":"max-image-preview:large","max-video-preview":"max-video-preview:-1"},"og_locale":"fr_FR","og_type":"article","og_title":"Beats Avenue - Spotlight Artistes","og_description":"Spotlight sur les artistes de Beats Avenue. Vous voulez \u00eatre mis en avant? Partagez avec nous vos chansons et vid\u00e9os faites \u00e0 partir des beats, instrumentales achet\u00e9es sur BeatsAvenue.com.","og_url":"https:\/\/ba.dev.beatsavenue.com\/fr\/spotlight-artistes\/","og_site_name":"Beats Avenue","article_publisher":"https:\/\/www.facebook.com\/beatsavenue","article_modified_time":"2021-09-28T17:42:25+00:00","og_image":[{"width":680,"height":336,"url":"https:\/\/ba.dev.beatsavenue.com\/wp-content\/uploads\/2015\/09\/beats-avenue-who-are-we.jpg","path":"\/home\/beatsave\/beatsavenuedev\/wp-content\/uploads\/2015\/09\/beats-avenue-who-are-we.jpg","size":"full","id":2830,"alt":"","pixels":228480,"type":"image\/jpeg"}],"twitter_card":"summary","twitter_site":"@beats_avenue","twitter_misc":{"Dur\u00e9e de lecture estim\u00e9e":"1 minute"},"schema":{"@context":"https:\/\/schema.org","@graph":[{"@type":"WebSite","@id":"https:\/\/ba.dev.beatsavenue.com\/#website","url":"https:\/\/ba.dev.beatsavenue.com\/","name":"Beats Avenue","description":"Where your music comes true!","potentialAction":[{"@type":"SearchAction","target":{"@type":"EntryPoint","urlTemplate":"https:\/\/ba.dev.beatsavenue.com\/?s={search_term_string}"},"query-input":"required name=search_term_string"}],"inLanguage":"fr-FR"},{"@type":"WebPage","@id":"https:\/\/ba.dev.beatsavenue.com\/fr\/spotlight-artistes\/#webpage","url":"https:\/\/ba.dev.beatsavenue.com\/fr\/spotlight-artistes\/","name":"Beats Avenue - Spotlight Artistes","isPartOf":{"@id":"https:\/\/ba.dev.beatsavenue.com\/#website"},"datePublished":"2014-11-19T17:55:11+00:00","dateModified":"2021-09-28T17:42:25+00:00","description":"Spotlight sur les artistes de Beats Avenue. Vous voulez \u00eatre mis en avant? Partagez avec nous vos chansons et vid\u00e9os faites \u00e0 partir des beats, instrumentales achet\u00e9es sur BeatsAvenue.com.","breadcrumb":{"@id":"https:\/\/ba.dev.beatsavenue.com\/fr\/spotlight-artistes\/#breadcrumb"},"inLanguage":"fr-FR","potentialAction":[{"@type":"ReadAction","target":["https:\/\/ba.dev.beatsavenue.com\/fr\/spotlight-artistes\/"]}]},{"@type":"BreadcrumbList","@id":"https:\/\/ba.dev.beatsavenue.com\/fr\/spotlight-artistes\/#breadcrumb","itemListElement":[{"@type":"ListItem","position":1,"name":"Home","item":"https:\/\/ba.dev.beatsavenue.com\/fr\/"},{"@type":"ListItem","position":2,"name":"Spotlight Artistes"}]}]}},"_links":{"self":[{"href":"https:\/\/ba.dev.beatsavenue.com\/fr\/wp-json\/wp\/v2\/pages\/949"}],"collection":[{"href":"https:\/\/ba.dev.beatsavenue.com\/fr\/wp-json\/wp\/v2\/pages"}],"about":[{"href":"https:\/\/ba.dev.beatsavenue.com\/fr\/wp-json\/wp\/v2\/types\/page"}],"author":[{"embeddable":true,"href":"https:\/\/ba.dev.beatsavenue.com\/fr\/wp-json\/wp\/v2\/users\/1"}],"replies":[{"embeddable":true,"href":"https:\/\/ba.dev.beatsavenue.com\/fr\/wp-json\/wp\/v2\/comments?post=949"}],"version-history":[{"count":6,"href":"https:\/\/ba.dev.beatsavenue.com\/fr\/wp-json\/wp\/v2\/pages\/949\/revisions"}],"predecessor-version":[{"id":8969,"href":"https:\/\/ba.dev.beatsavenue.com\/fr\/wp-json\/wp\/v2\/pages\/949\/revisions\/8969"}],"wp:attachment":[{"href":"https:\/\/ba.dev.beatsavenue.com\/fr\/wp-json\/wp\/v2\/media?parent=949"}],"curies":[{"name":"wp","href":"https:\/\/api.w.org\/{rel}","templated":true}]}}