{"id":985,"date":"2014-11-19T22:44:27","date_gmt":"2014-11-19T22:44:27","guid":{"rendered":"http:\/\/ba.dev.beatsavenue.com\/free-beats-2\/"},"modified":"2021-09-28T18:37:10","modified_gmt":"2021-09-28T16:37:10","slug":"instrus-gratuites","status":"publish","type":"page","link":"https:\/\/ba.dev.beatsavenue.com\/fr\/instrus-gratuites\/","title":{"rendered":"Instrus Gratuites"},"content":{"rendered":"\t\t<div data-elementor-type=\"wp-page\" data-elementor-id=\"985\" class=\"elementor elementor-985 elementor-269\" data-elementor-settings=\"[]\">\n\t\t\t\t\t\t\t<div class=\"elementor-section-wrap\">\n\t\t\t\t\t\t\t<section data-particle_enable=\"false\" data-particle-mobile-disabled=\"false\" class=\"elementor-section elementor-top-section elementor-element elementor-element-4f0c46d elementor-section-full_width elementor-section-height-min-height elementor-section-stretched elementor-section-height-default elementor-section-items-middle\" data-id=\"4f0c46d\" data-element_type=\"section\" data-settings=\"{&quot;stretch_section&quot;:&quot;section-stretched&quot;,&quot;background_background&quot;:&quot;gradient&quot;}\">\n\t\t\t\t\t\t<div class=\"elementor-container elementor-column-gap-default\">\n\t\t\t\t\t<div class=\"elementor-column elementor-col-100 elementor-top-column elementor-element elementor-element-0682830\" data-id=\"0682830\" data-element_type=\"column\">\n\t\t\t<div class=\"elementor-widget-wrap elementor-element-populated\">\n\t\t\t\t\t\t\t\t\t<\/div>\n\t\t<\/div>\n\t\t\t\t\t\t\t<\/div>\n\t\t<\/section>\n\t\t\t\t<section data-particle_enable=\"false\" data-particle-mobile-disabled=\"false\" class=\"elementor-section elementor-top-section elementor-element elementor-element-6a4c7d0 elementor-section-stretched elementor-section-boxed elementor-section-height-default elementor-section-height-default\" data-id=\"6a4c7d0\" data-element_type=\"section\" data-settings=\"{&quot;background_background&quot;:&quot;classic&quot;,&quot;stretch_section&quot;:&quot;section-stretched&quot;}\">\n\t\t\t\t\t\t<div class=\"elementor-container elementor-column-gap-default\">\n\t\t\t\t\t<div class=\"elementor-column elementor-col-100 elementor-top-column elementor-element elementor-element-0ac9bbd\" data-id=\"0ac9bbd\" data-element_type=\"column\">\n\t\t\t<div class=\"elementor-widget-wrap elementor-element-populated\">\n\t\t\t\t\t\t\t\t<div class=\"elementor-element elementor-element-65c28a0 elementor-headline--style-highlight elementor-widget elementor-widget-animated-headline\" data-id=\"65c28a0\" data-element_type=\"widget\" data-settings=\"{&quot;marker&quot;:&quot;underline&quot;,&quot;highlighted_text&quot;:&quot;5 instrus gratuites &amp; 10% de r\\u00e9duction sur votre prochain achat!&quot;,&quot;headline_style&quot;:&quot;highlight&quot;,&quot;loop&quot;:&quot;yes&quot;,&quot;highlight_animation_duration&quot;:1200,&quot;highlight_iteration_delay&quot;:8000}\" data-widget_type=\"animated-headline.default\">\n\t\t\t\t<div class=\"elementor-widget-container\">\n\t\t\t\t\t<h3 class=\"elementor-headline\">\n\t\t\t\t\t<span class=\"elementor-headline-plain-text elementor-headline-text-wrapper\">Recevez<\/span>\n\t\t\t\t<span class=\"elementor-headline-dynamic-wrapper elementor-headline-text-wrapper\">\n\t\t\t\t\t<span class=\"elementor-headline-dynamic-text elementor-headline-text-active\">5 instrus gratuites & 10% de r\u00e9duction sur votre prochain achat!<\/span>\n\t\t\t\t<\/span>\n\t\t\t\t<\/h3>\n\t\t\t\t<\/div>\n\t\t\t\t<\/div>\n\t\t\t\t<div class=\"elementor-element elementor-element-548bc07 elementor-widget-divider--view-line_icon elementor-view-default elementor-widget-divider--element-align-center elementor-widget elementor-widget-divider\" data-id=\"548bc07\" data-element_type=\"widget\" data-widget_type=\"divider.default\">\n\t\t\t\t<div class=\"elementor-widget-container\">\n\t\t\t\t\t<div class=\"elementor-divider\">\n\t\t\t<span class=\"elementor-divider-separator\">\n\t\t\t\t\t\t\t<div class=\"elementor-icon elementor-divider__element\">\n\t\t\t\t\t<i aria-hidden=\"true\" class=\"fas fa-gift\"><\/i><\/div>\n\t\t\t\t\t\t<\/span>\n\t\t<\/div>\n\t\t\t\t<\/div>\n\t\t\t\t<\/div>\n\t\t\t\t<div class=\"elementor-element elementor-element-8361636 elementor-widget elementor-widget-html\" data-id=\"8361636\" data-element_type=\"widget\" data-widget_type=\"html.default\">\n\t\t\t\t<div class=\"elementor-widget-container\">\n\t\t\t<div><img loading=\"lazy\" src=\"https:\/\/sg-autorepondeur.com\/tauxouverture\/form.gif?membreid=7937&amp;listeid=37792\" alt=\"\" width=\"1\" height=\"1\" \/><\/div>\n<div style=\"width: 100%; padding: 5px; margin: auto;\"><form style=\"text-align: center; width: 100%; background-color: #fff; margin: auto; -webkit-border-radius: 0px 0px 0px 0px; -moz-border-radius: 0px 0px 0px 0px; border-radius: 0px 0px 0px 0px; padding-bottom: 20px; font-family: inherit;\" accept-charset=\"UTF-8\" action=\"https:\/\/sg-autorepondeur.com\/inscriptionabonne.php\" enctype=\"utf-8\" method=\"post\" target=\"_blank\">\n\n<span class=\"thin-font\" style=\"font-size: 16px;\">Inscrivez-vous ici pour recevoir ces cadeaux. Plus tard, vous recevrez aussi des notifications sur nos nouveaut\u00e9s et offres sp\u00e9ciales.<\/span>\n<br><br>\n<div class=\"thin-font\" style=\"width:95%; margin:0 auto; font-size: 12px;\">En soumettant ce formulaire, j\u2019accepte que mes informations soient utilis\u00e9es exclusivement dans le cadre de ma demande et de la relation commerciale \u00e9thique et personnalis\u00e9e qui pourrait en d\u00e9couler si je le souhaite.<\/div>\n\n<input style=\"border: 1px solid #BCBCBC; margin: 15px 5px 5px 5px; height: 46px; line-height: 46px; padding: 0px 10px; font-size: 14px; color: #777; -webkit-border-radius: 3px; -moz-border-radius: 3px; border-radius: 3px;\" name=\"nom\" required=\"\" size=\"20\" type=\"text\" value=\"\" placeholder=\"Entrez votre pr\u00e9nom\" \/><input style=\"border: 1px solid #BCBCBC; margin: 15px 5px 5px 5px; height: 46px; line-height: 46px; padding: 0px 10px; font-size: 14px; color: #777; -webkit-border-radius: 3px; -moz-border-radius: 3px; border-radius: 3px;\" name=\"email\" required=\"\" size=\"20\" type=\"email\" value=\"\" placeholder=\"Entrez votre email\" \/><br><br><input class=\"vcex-button theme-button flat large align-center animate-on-hover wpex-data-hover\" style=\"position: relative\" name=\"valider\" type=\"submit\" value=\"Envoyer\" \/><input name=\"listeid\" type=\"hidden\" value=\"37792\" \/><input name=\"membreid\" type=\"hidden\" value=\"7937\" \/>\n<div class=\"thin-font\" style=\"padding: 5px; margin: 15px 0px 0px 5px; font-size: 12px;\">Pour conna\u00eetre et exercer mes droits, notamment pour annuler mon consentement, je consulte la politique de vie priv\u00e9e en <a href=\"https:\/\/www.beatsavenue.com\/fr\/mentions-legales\/\">cliquant ici<\/a><\/div>\n<\/form><\/div>\t\t<\/div>\n\t\t\t\t<\/div>\n\t\t\t\t\t<\/div>\n\t\t<\/div>\n\t\t\t\t\t\t\t<\/div>\n\t\t<\/section>\n\t\t\t\t<section data-particle_enable=\"false\" data-particle-mobile-disabled=\"false\" class=\"elementor-section elementor-top-section elementor-element elementor-element-c6893ba elementor-section-boxed elementor-section-height-default elementor-section-height-default\" data-id=\"c6893ba\" data-element_type=\"section\" data-settings=\"{&quot;background_background&quot;:&quot;classic&quot;}\">\n\t\t\t\t\t\t<div class=\"elementor-container elementor-column-gap-default\">\n\t\t\t\t\t<div class=\"elementor-column elementor-col-100 elementor-top-column elementor-element elementor-element-d9a3431\" data-id=\"d9a3431\" data-element_type=\"column\">\n\t\t\t<div class=\"elementor-widget-wrap elementor-element-populated\">\n\t\t\t\t\t\t\t\t<div class=\"elementor-element elementor-element-365dd85 elementor-widget elementor-widget-heading\" data-id=\"365dd85\" data-element_type=\"widget\" data-widget_type=\"heading.default\">\n\t\t\t\t<div class=\"elementor-widget-container\">\n\t\t\t<h2 class=\"elementor-heading-title elementor-size-default\">INSTRUMENTALES \/ BEATS GRATUITES<\/h2>\t\t<\/div>\n\t\t\t\t<\/div>\n\t\t\t\t<div class=\"elementor-element elementor-element-87b07b0 elementor-widget elementor-widget-heading\" data-id=\"87b07b0\" data-element_type=\"widget\" data-widget_type=\"heading.default\">\n\t\t\t\t<div class=\"elementor-widget-container\">\n\t\t\t<h2 class=\"elementor-heading-title elementor-size-default\">CONDITIONS GENERALES D\u2019UTILISATION<\/h2>\t\t<\/div>\n\t\t\t\t<\/div>\n\t\t\t\t<section data-particle_enable=\"false\" data-particle-mobile-disabled=\"false\" class=\"elementor-section elementor-inner-section elementor-element elementor-element-fb06262 elementor-section-boxed elementor-section-height-default elementor-section-height-default\" data-id=\"fb06262\" data-element_type=\"section\">\n\t\t\t\t\t\t<div class=\"elementor-container elementor-column-gap-default\">\n\t\t\t\t\t<div class=\"elementor-column elementor-col-50 elementor-inner-column elementor-element elementor-element-34bd03f\" data-id=\"34bd03f\" data-element_type=\"column\">\n\t\t\t<div class=\"elementor-widget-wrap elementor-element-populated\">\n\t\t\t\t\t\t\t\t<div class=\"elementor-element elementor-element-6167f15 elementor-align-left elementor-icon-list--layout-traditional elementor-list-item-link-full_width elementor-widget elementor-widget-icon-list\" data-id=\"6167f15\" data-element_type=\"widget\" data-widget_type=\"icon-list.default\">\n\t\t\t\t<div class=\"elementor-widget-container\">\n\t\t\t\t\t<ul class=\"elementor-icon-list-items\">\n\t\t\t\t\t\t\t<li class=\"elementor-icon-list-item\">\n\t\t\t\t\t\t\t\t\t\t\t<span class=\"elementor-icon-list-icon\">\n\t\t\t\t\t\t\t<i aria-hidden=\"true\" class=\"fas fa-check\"><\/i>\t\t\t\t\t\t<\/span>\n\t\t\t\t\t\t\t\t\t\t<span class=\"elementor-icon-list-text\">Droit d\u2019utiliser \u00e0 des fins <b>non-commerciales<\/b> uniquement*<\/span>\n\t\t\t\t\t\t\t\t\t<\/li>\n\t\t\t\t\t\t\t\t<li class=\"elementor-icon-list-item\">\n\t\t\t\t\t\t\t\t\t\t\t<span class=\"elementor-icon-list-icon\">\n\t\t\t\t\t\t\t<i aria-hidden=\"true\" class=\"fas fa-check\"><\/i>\t\t\t\t\t\t<\/span>\n\t\t\t\t\t\t\t\t\t\t<span class=\"elementor-icon-list-text\">Droit d\u2019utilisation pour enregistrements vocaux et synchronisation (illustration sonore\u2026)<\/span>\n\t\t\t\t\t\t\t\t\t<\/li>\n\t\t\t\t\t\t\t\t<li class=\"elementor-icon-list-item\">\n\t\t\t\t\t\t\t\t\t\t\t<span class=\"elementor-icon-list-icon\">\n\t\t\t\t\t\t\t<i aria-hidden=\"true\" class=\"fas fa-check\"><\/i>\t\t\t\t\t\t<\/span>\n\t\t\t\t\t\t\t\t\t\t<span class=\"elementor-icon-list-text\">Droit d\u2019utiliser pour des activit\u00e9s de promotion et de diffusion sur internet uniquement<\/span>\n\t\t\t\t\t\t\t\t\t<\/li>\n\t\t\t\t\t\t\t\t<li class=\"elementor-icon-list-item\">\n\t\t\t\t\t\t\t\t\t\t\t<span class=\"elementor-icon-list-icon\">\n\t\t\t\t\t\t\t<i aria-hidden=\"true\" class=\"fas fa-check\"><\/i>\t\t\t\t\t\t<\/span>\n\t\t\t\t\t\t\t\t\t\t<span class=\"elementor-icon-list-text\">Interdit d\u2019utiliser pour des concerts ou autres repr\u00e9sentations publiques<\/span>\n\t\t\t\t\t\t\t\t\t<\/li>\n\t\t\t\t\t\t\t\t<li class=\"elementor-icon-list-item\">\n\t\t\t\t\t\t\t\t\t\t\t<span class=\"elementor-icon-list-icon\">\n\t\t\t\t\t\t\t<i aria-hidden=\"true\" class=\"fas fa-check\"><\/i>\t\t\t\t\t\t<\/span>\n\t\t\t\t\t\t\t\t\t\t<span class=\"elementor-icon-list-text\">Interdit de: distribuer; r\u00e9arranger\/modifier\/transformer; de sampler<\/span>\n\t\t\t\t\t\t\t\t\t<\/li>\n\t\t\t\t\t\t<\/ul>\n\t\t\t\t<\/div>\n\t\t\t\t<\/div>\n\t\t\t\t\t<\/div>\n\t\t<\/div>\n\t\t\t\t<div class=\"elementor-column elementor-col-50 elementor-inner-column elementor-element elementor-element-6719f56\" data-id=\"6719f56\" data-element_type=\"column\">\n\t\t\t<div class=\"elementor-widget-wrap elementor-element-populated\">\n\t\t\t\t\t\t\t\t<div class=\"elementor-element elementor-element-1bb2599 elementor-align-left elementor-icon-list--layout-traditional elementor-list-item-link-full_width elementor-widget elementor-widget-icon-list\" data-id=\"1bb2599\" data-element_type=\"widget\" data-widget_type=\"icon-list.default\">\n\t\t\t\t<div class=\"elementor-widget-container\">\n\t\t\t\t\t<ul class=\"elementor-icon-list-items\">\n\t\t\t\t\t\t\t<li class=\"elementor-icon-list-item\">\n\t\t\t\t\t\t\t\t\t\t\t<span class=\"elementor-icon-list-icon\">\n\t\t\t\t\t\t\t<i aria-hidden=\"true\" class=\"fas fa-check\"><\/i>\t\t\t\t\t\t<\/span>\n\t\t\t\t\t\t\t\t\t\t<span class=\"elementor-icon-list-text\">Interdit d\u2019utiliser ou de vendre l\u2019instrumentale (beat) seule<\/span>\n\t\t\t\t\t\t\t\t\t<\/li>\n\t\t\t\t\t\t\t\t<li class=\"elementor-icon-list-item\">\n\t\t\t\t\t\t\t\t\t\t\t<span class=\"elementor-icon-list-icon\">\n\t\t\t\t\t\t\t<i aria-hidden=\"true\" class=\"fas fa-check\"><\/i>\t\t\t\t\t\t<\/span>\n\t\t\t\t\t\t\t\t\t\t<span class=\"elementor-icon-list-text\">100% des droits (droit de propri\u00e9t\u00e9 et droits moraux) d\u00e9tenus par Beats Avenue<\/span>\n\t\t\t\t\t\t\t\t\t<\/li>\n\t\t\t\t\t\t\t\t<li class=\"elementor-icon-list-item\">\n\t\t\t\t\t\t\t\t\t\t\t<span class=\"elementor-icon-list-icon\">\n\t\t\t\t\t\t\t<i aria-hidden=\"true\" class=\"fas fa-check\"><\/i>\t\t\t\t\t\t<\/span>\n\t\t\t\t\t\t\t\t\t\t<span class=\"elementor-icon-list-text\">\u00ab Libre de droits \u00bb (aucune royalty due)<\/span>\n\t\t\t\t\t\t\t\t\t<\/li>\n\t\t\t\t\t\t\t\t<li class=\"elementor-icon-list-item\">\n\t\t\t\t\t\t\t\t\t\t\t<span class=\"elementor-icon-list-icon\">\n\t\t\t\t\t\t\t<i aria-hidden=\"true\" class=\"fas fa-check\"><\/i>\t\t\t\t\t\t<\/span>\n\t\t\t\t\t\t\t\t\t\t<span class=\"elementor-icon-list-text\">Les cr\u00e9dits des musiques doivent \u00eatre mentionn\u00e9s pour tout usage, comme suit: \u201cMusique produite par Booming Brothers (www.beatsavenue.com)\u201d<\/span>\n\t\t\t\t\t\t\t\t\t<\/li>\n\t\t\t\t\t\t\t\t<li class=\"elementor-icon-list-item\">\n\t\t\t\t\t\t\t\t\t\t\t<span class=\"elementor-icon-list-icon\">\n\t\t\t\t\t\t\t<i aria-hidden=\"true\" class=\"fas fa-check\"><\/i>\t\t\t\t\t\t<\/span>\n\t\t\t\t\t\t\t\t\t\t<span class=\"elementor-icon-list-text\">Instrumentale (beat) envoy\u00e9e (avec Voicetag*) au format mp3 (192 kbps)<\/span>\n\t\t\t\t\t\t\t\t\t<\/li>\n\t\t\t\t\t\t<\/ul>\n\t\t\t\t<\/div>\n\t\t\t\t<\/div>\n\t\t\t\t\t<\/div>\n\t\t<\/div>\n\t\t\t\t\t\t\t<\/div>\n\t\t<\/section>\n\t\t\t\t<section data-particle_enable=\"false\" data-particle-mobile-disabled=\"false\" class=\"elementor-section elementor-inner-section elementor-element elementor-element-ce08896 elementor-section-boxed elementor-section-height-default elementor-section-height-default\" data-id=\"ce08896\" data-element_type=\"section\">\n\t\t\t\t\t\t<div class=\"elementor-container elementor-column-gap-default\">\n\t\t\t\t\t<div class=\"elementor-column elementor-col-100 elementor-inner-column elementor-element elementor-element-23c5ade\" data-id=\"23c5ade\" data-element_type=\"column\">\n\t\t\t<div class=\"elementor-widget-wrap elementor-element-populated\">\n\t\t\t\t\t\t\t\t<div class=\"elementor-element elementor-element-e7ce721 eael-infobox-icon-bg-shape-none eael-infobox-icon-hover-bg-shape-none elementor-widget elementor-widget-eael-info-box\" data-id=\"e7ce721\" data-element_type=\"widget\" data-widget_type=\"eael-info-box.default\">\n\t\t\t\t<div class=\"elementor-widget-container\">\n\t\t\t                    <div class=\"eael-infobox icon-on-left\">\n                    <div class=\"infobox-icon eael-icon-only\">\n\n            \n                            <div class=\"infobox-icon-wrap\">\n                    <i class=\"fas fa-asterisk\"><\/i>                <\/div>\n            \n            \n        <\/div>\n            <div class=\"infobox-content eael-icon-only\">\n            <h4 class=\"title\"><\/h4>\n                                                                        <p><p><em>Si vous souhaitez recevoir ces instrumentales\/beats sans Voicetag et b\u00e9n\u00e9ficier de droits d\u2019utilisation plus larges (incluant le droit d\u2019utilisation commerciale), vous devez acheter une de nos licences (Premium, Trackouts, ou Unlimited) depuis notre\u00a0<a title=\"Beat Store\" href=\"https:\/\/ba.dev.beatsavenue.com\/fr\/\">Beat Store<\/a>.<\/em><\/p><\/p>\n                                                                            <\/div>\n    <\/div>\t\t<\/div>\n\t\t\t\t<\/div>\n\t\t\t\t\t<\/div>\n\t\t<\/div>\n\t\t\t\t\t\t\t<\/div>\n\t\t<\/section>\n\t\t\t\t\t<\/div>\n\t\t<\/div>\n\t\t\t\t\t\t\t<\/div>\n\t\t<\/section>\n\t\t\t\t\t\t<\/div>\n\t\t\t\t\t<\/div>\n\t\t","protected":false},"excerpt":{"rendered":"<p>Recevez 5 instrus gratuites &#038; 10% de r\u00e9duction sur votre prochain achat! Inscrivez-vous ici pour recevoir ces cadeaux. Plus tard, vous recevrez aussi des notifications sur nos nouveaut\u00e9s et offres sp\u00e9ciales. En soumettant ce formulaire, j\u2019accepte que mes informations soient utilis\u00e9es exclusivement dans le cadre de ma demande et de la relation commerciale \u00e9thique et &hellip;<\/p>\n<p class=\"read-more\"> <a class=\"\" href=\"https:\/\/ba.dev.beatsavenue.com\/fr\/instrus-gratuites\/\"> <span class=\"screen-reader-text\">Instrus Gratuites<\/span> Lire la suite\u00a0\u00bb<\/a><\/p>\n","protected":false},"author":1,"featured_media":0,"parent":0,"menu_order":0,"comment_status":"closed","ping_status":"closed","template":"elementor_header_footer","meta":[],"yoast_head":"<!-- This site is optimized with the Yoast SEO plugin v17.2.1 - https:\/\/yoast.com\/wordpress\/plugins\/seo\/ -->\n<title>Beats Avenue - Instrus Gratuites<\/title>\n<meta name=\"description\" content=\"T\u00e9l\u00e9charger des Beats \/ Instrus Gratuites, incluant instru rap gratuit, Pop, R&amp;B etc. Recevez des coupons de r\u00e9duction pour vos prochains achats.\" \/>\n<meta name=\"robots\" content=\"noindex, follow, max-snippet:-1, max-image-preview:large, max-video-preview:-1\" \/>\n<meta property=\"og:locale\" content=\"fr_FR\" \/>\n<meta property=\"og:type\" content=\"article\" \/>\n<meta property=\"og:title\" content=\"Beats Avenue - Instrus Gratuites\" \/>\n<meta property=\"og:description\" content=\"T\u00e9l\u00e9charger des Beats \/ Instrus Gratuites, incluant instru rap gratuit, Pop, R&amp;B etc. Recevez des coupons de r\u00e9duction pour vos prochains achats.\" \/>\n<meta property=\"og:url\" content=\"https:\/\/ba.dev.beatsavenue.com\/fr\/instrus-gratuites\/\" \/>\n<meta property=\"og:site_name\" content=\"Beats Avenue\" \/>\n<meta property=\"article:publisher\" content=\"https:\/\/www.facebook.com\/beatsavenue\" \/>\n<meta property=\"article:modified_time\" content=\"2021-09-28T16:37:10+00:00\" \/>\n<meta property=\"og:image\" content=\"https:\/\/sg-autorepondeur.com\/tauxouverture\/form.gif?membreid=7937&#038;listeid=37792\" \/>\n<meta name=\"twitter:card\" content=\"summary\" \/>\n<meta name=\"twitter:site\" content=\"@beats_avenue\" \/>\n<meta name=\"twitter:label1\" content=\"Dur\u00e9e de lecture estim\u00e9e\" \/>\n\t<meta name=\"twitter:data1\" content=\"2 minutes\" \/>\n<!-- \/ Yoast SEO plugin. -->","yoast_head_json":{"title":"Beats Avenue - Instrus Gratuites","description":"T\u00e9l\u00e9charger des Beats \/ Instrus Gratuites, incluant instru rap gratuit, Pop, R&B etc. Recevez des coupons de r\u00e9duction pour vos prochains achats.","robots":{"index":"noindex","follow":"follow","max-snippet":"max-snippet:-1","max-image-preview":"max-image-preview:large","max-video-preview":"max-video-preview:-1"},"og_locale":"fr_FR","og_type":"article","og_title":"Beats Avenue - Instrus Gratuites","og_description":"T\u00e9l\u00e9charger des Beats \/ Instrus Gratuites, incluant instru rap gratuit, Pop, R&B etc. Recevez des coupons de r\u00e9duction pour vos prochains achats.","og_url":"https:\/\/ba.dev.beatsavenue.com\/fr\/instrus-gratuites\/","og_site_name":"Beats Avenue","article_publisher":"https:\/\/www.facebook.com\/beatsavenue","article_modified_time":"2021-09-28T16:37:10+00:00","og_image":[{"url":"https:\/\/sg-autorepondeur.com\/tauxouverture\/form.gif?membreid=7937&amp;listeid=37792"}],"twitter_card":"summary","twitter_site":"@beats_avenue","twitter_misc":{"Dur\u00e9e de lecture estim\u00e9e":"2 minutes"},"schema":{"@context":"https:\/\/schema.org","@graph":[{"@type":"WebSite","@id":"https:\/\/ba.dev.beatsavenue.com\/#website","url":"https:\/\/ba.dev.beatsavenue.com\/","name":"Beats Avenue","description":"Where your music comes true!","potentialAction":[{"@type":"SearchAction","target":{"@type":"EntryPoint","urlTemplate":"https:\/\/ba.dev.beatsavenue.com\/?s={search_term_string}"},"query-input":"required name=search_term_string"}],"inLanguage":"fr-FR"},{"@type":"ImageObject","@id":"https:\/\/ba.dev.beatsavenue.com\/fr\/instrus-gratuites\/#primaryimage","inLanguage":"fr-FR","url":"https:\/\/sg-autorepondeur.com\/tauxouverture\/form.gif?membreid=7937&amp;listeid=37792","contentUrl":"https:\/\/sg-autorepondeur.com\/tauxouverture\/form.gif?membreid=7937&amp;listeid=37792"},{"@type":"WebPage","@id":"https:\/\/ba.dev.beatsavenue.com\/fr\/instrus-gratuites\/#webpage","url":"https:\/\/ba.dev.beatsavenue.com\/fr\/instrus-gratuites\/","name":"Beats Avenue - Instrus Gratuites","isPartOf":{"@id":"https:\/\/ba.dev.beatsavenue.com\/#website"},"primaryImageOfPage":{"@id":"https:\/\/ba.dev.beatsavenue.com\/fr\/instrus-gratuites\/#primaryimage"},"datePublished":"2014-11-19T22:44:27+00:00","dateModified":"2021-09-28T16:37:10+00:00","description":"T\u00e9l\u00e9charger des Beats \/ Instrus Gratuites, incluant instru rap gratuit, Pop, R&B etc. Recevez des coupons de r\u00e9duction pour vos prochains achats.","breadcrumb":{"@id":"https:\/\/ba.dev.beatsavenue.com\/fr\/instrus-gratuites\/#breadcrumb"},"inLanguage":"fr-FR","potentialAction":[{"@type":"ReadAction","target":["https:\/\/ba.dev.beatsavenue.com\/fr\/instrus-gratuites\/"]}]},{"@type":"BreadcrumbList","@id":"https:\/\/ba.dev.beatsavenue.com\/fr\/instrus-gratuites\/#breadcrumb","itemListElement":[{"@type":"ListItem","position":1,"name":"Home","item":"https:\/\/ba.dev.beatsavenue.com\/fr\/"},{"@type":"ListItem","position":2,"name":"Instrus Gratuites"}]}]}},"_links":{"self":[{"href":"https:\/\/ba.dev.beatsavenue.com\/fr\/wp-json\/wp\/v2\/pages\/985"}],"collection":[{"href":"https:\/\/ba.dev.beatsavenue.com\/fr\/wp-json\/wp\/v2\/pages"}],"about":[{"href":"https:\/\/ba.dev.beatsavenue.com\/fr\/wp-json\/wp\/v2\/types\/page"}],"author":[{"embeddable":true,"href":"https:\/\/ba.dev.beatsavenue.com\/fr\/wp-json\/wp\/v2\/users\/1"}],"replies":[{"embeddable":true,"href":"https:\/\/ba.dev.beatsavenue.com\/fr\/wp-json\/wp\/v2\/comments?post=985"}],"version-history":[{"count":6,"href":"https:\/\/ba.dev.beatsavenue.com\/fr\/wp-json\/wp\/v2\/pages\/985\/revisions"}],"predecessor-version":[{"id":8910,"href":"https:\/\/ba.dev.beatsavenue.com\/fr\/wp-json\/wp\/v2\/pages\/985\/revisions\/8910"}],"wp:attachment":[{"href":"https:\/\/ba.dev.beatsavenue.com\/fr\/wp-json\/wp\/v2\/media?parent=985"}],"curies":[{"name":"wp","href":"https:\/\/api.w.org\/{rel}","templated":true}]}}