{"id":999,"date":"2014-11-19T16:43:27","date_gmt":"2014-11-19T16:43:27","guid":{"rendered":"http:\/\/ba.dev.beatsavenue.com\/contact-2\/"},"modified":"2021-09-28T20:03:15","modified_gmt":"2021-09-28T18:03:15","slug":"contact","status":"publish","type":"page","link":"https:\/\/ba.dev.beatsavenue.com\/fr\/contact\/","title":{"rendered":"Contact"},"content":{"rendered":"\t\t<div data-elementor-type=\"wp-page\" data-elementor-id=\"999\" class=\"elementor elementor-999 elementor-155\" data-elementor-settings=\"[]\">\n\t\t\t\t\t\t\t<div class=\"elementor-section-wrap\">\n\t\t\t\t\t\t\t<section data-particle_enable=\"false\" data-particle-mobile-disabled=\"false\" class=\"elementor-section elementor-top-section elementor-element elementor-element-2c9c0359 elementor-section-full_width elementor-section-height-min-height elementor-section-stretched elementor-section-height-default elementor-section-items-middle\" data-id=\"2c9c0359\" data-element_type=\"section\" data-settings=\"{&quot;stretch_section&quot;:&quot;section-stretched&quot;,&quot;background_background&quot;:&quot;gradient&quot;}\">\n\t\t\t\t\t\t<div class=\"elementor-container elementor-column-gap-default\">\n\t\t\t\t\t<div class=\"elementor-column elementor-col-100 elementor-top-column elementor-element elementor-element-3bbe035\" data-id=\"3bbe035\" data-element_type=\"column\">\n\t\t\t<div class=\"elementor-widget-wrap elementor-element-populated\">\n\t\t\t\t\t\t\t\t<div class=\"elementor-element elementor-element-eabcc3f elementor-widget elementor-widget-heading\" data-id=\"eabcc3f\" data-element_type=\"widget\" data-widget_type=\"heading.default\">\n\t\t\t\t<div class=\"elementor-widget-container\">\n\t\t\t<h3 class=\"elementor-heading-title elementor-size-default\">Un commentaire ou une question? Envoyez-nous un message.<\/h3>\t\t<\/div>\n\t\t\t\t<\/div>\n\t\t\t\t\t<\/div>\n\t\t<\/div>\n\t\t\t\t\t\t\t<\/div>\n\t\t<\/section>\n\t\t\t\t<section data-particle_enable=\"false\" data-particle-mobile-disabled=\"false\" class=\"elementor-section elementor-top-section elementor-element elementor-element-98234d4 elementor-section-boxed elementor-section-height-default elementor-section-height-default\" data-id=\"98234d4\" data-element_type=\"section\" data-settings=\"{&quot;background_background&quot;:&quot;classic&quot;}\">\n\t\t\t\t\t\t<div class=\"elementor-container elementor-column-gap-default\">\n\t\t\t\t\t<div class=\"elementor-column elementor-col-100 elementor-top-column elementor-element elementor-element-9b1ba61\" data-id=\"9b1ba61\" data-element_type=\"column\">\n\t\t\t<div class=\"elementor-widget-wrap elementor-element-populated\">\n\t\t\t\t\t\t\t\t<div class=\"elementor-element elementor-element-c5f8b07 elementor-widget elementor-widget-text-editor\" data-id=\"c5f8b07\" data-element_type=\"widget\" data-widget_type=\"text-editor.default\">\n\t\t\t\t<div class=\"elementor-widget-container\">\n\t\t\t\t\t\t\t<p style=\"text-align: center;\">Avant toute chose, veuillez s\u2019il vous pla\u00eet consulter la\u00a0<a title=\"FAQ\" href=\"https:\/\/ba.dev.beatsavenue.com\/fr\/faq\/\" target=\"_blank\" rel=\"noopener noreferrer\">FAQ<\/a>, vous y trouverez peut-\u00eatre les r\u00e9ponses \u00e0 vos questions.<\/p>\t\t\t\t\t\t<\/div>\n\t\t\t\t<\/div>\n\t\t\t\t<section data-particle_enable=\"false\" data-particle-mobile-disabled=\"false\" class=\"elementor-section elementor-inner-section elementor-element elementor-element-6208d05 elementor-section-boxed elementor-section-height-default elementor-section-height-default\" data-id=\"6208d05\" data-element_type=\"section\">\n\t\t\t\t\t\t<div class=\"elementor-container elementor-column-gap-default\">\n\t\t\t\t\t<div class=\"elementor-column elementor-col-50 elementor-inner-column elementor-element elementor-element-b0eaaeb elementor-hidden-tablet elementor-hidden-mobile\" data-id=\"b0eaaeb\" data-element_type=\"column\">\n\t\t\t<div class=\"elementor-widget-wrap elementor-element-populated\">\n\t\t\t\t\t\t\t\t<div class=\"elementor-element elementor-element-b649299 elementor-widget elementor-widget-heading\" data-id=\"b649299\" data-element_type=\"widget\" data-widget_type=\"heading.default\">\n\t\t\t\t<div class=\"elementor-widget-container\">\n\t\t\t<h2 class=\"elementor-heading-title elementor-size-default\">Rejoignez-nous<\/h2>\t\t<\/div>\n\t\t\t\t<\/div>\n\t\t\t\t<div class=\"elementor-element elementor-element-d19d3c3 elementor-widget elementor-widget-facebook-page\" data-id=\"d19d3c3\" data-element_type=\"widget\" data-widget_type=\"facebook-page.default\">\n\t\t\t\t<div class=\"elementor-widget-container\">\n\t\t\t<div class=\"elementor-facebook-widget fb-page\" data-href=\"https:\/\/www.facebook.com\/beatsavenue\/\" data-tabs=\"\" data-height=\"70px\" data-width=\"500px\" data-small-header=\"true\" data-hide-cover=\"false\" data-show-facepile=\"true\" data-hide-cta=\"true\" style=\"min-height: 1px;height:70px\"><\/div>\t\t<\/div>\n\t\t\t\t<\/div>\n\t\t\t\t\t<\/div>\n\t\t<\/div>\n\t\t\t\t<div class=\"elementor-column elementor-col-50 elementor-inner-column elementor-element elementor-element-fb59ac5\" data-id=\"fb59ac5\" data-element_type=\"column\">\n\t\t\t<div class=\"elementor-widget-wrap elementor-element-populated\">\n\t\t\t\t\t\t\t\t<div class=\"elementor-element elementor-element-20ab6f6 elementor-widget elementor-widget-heading\" data-id=\"20ab6f6\" data-element_type=\"widget\" data-widget_type=\"heading.default\">\n\t\t\t\t<div class=\"elementor-widget-container\">\n\t\t\t<h2 class=\"elementor-heading-title elementor-size-default\">Service client\u00e8le<\/h2>\t\t<\/div>\n\t\t\t\t<\/div>\n\t\t\t\t<div class=\"elementor-element elementor-element-c0a4578 elementor-icon-list--layout-traditional elementor-list-item-link-full_width elementor-widget elementor-widget-icon-list\" data-id=\"c0a4578\" data-element_type=\"widget\" data-widget_type=\"icon-list.default\">\n\t\t\t\t<div class=\"elementor-widget-container\">\n\t\t\t\t\t<ul class=\"elementor-icon-list-items\">\n\t\t\t\t\t\t\t<li class=\"elementor-icon-list-item\">\n\t\t\t\t\t\t\t\t\t\t\t<span class=\"elementor-icon-list-icon\">\n\t\t\t\t\t\t\t<i aria-hidden=\"true\" class=\"fas fa-phone-alt\"><\/i>\t\t\t\t\t\t<\/span>\n\t\t\t\t\t\t\t\t\t\t<span class=\"elementor-icon-list-text\">+33 6 52 39 54 06 (France) \u2013 en semaine uniquement<\/span>\n\t\t\t\t\t\t\t\t\t<\/li>\n\t\t\t\t\t\t<\/ul>\n\t\t\t\t<\/div>\n\t\t\t\t<\/div>\n\t\t\t\t\t<\/div>\n\t\t<\/div>\n\t\t\t\t\t\t\t<\/div>\n\t\t<\/section>\n\t\t\t\t\t<\/div>\n\t\t<\/div>\n\t\t\t\t\t\t\t<\/div>\n\t\t<\/section>\n\t\t\t\t<section data-particle_enable=\"false\" data-particle-mobile-disabled=\"false\" class=\"elementor-section elementor-top-section elementor-element elementor-element-d3d7e7b elementor-section-boxed elementor-section-height-default elementor-section-height-default\" data-id=\"d3d7e7b\" data-element_type=\"section\">\n\t\t\t\t\t\t<div class=\"elementor-container elementor-column-gap-default\">\n\t\t\t\t\t<div class=\"elementor-column elementor-col-100 elementor-top-column elementor-element elementor-element-5265993\" data-id=\"5265993\" data-element_type=\"column\">\n\t\t\t<div class=\"elementor-widget-wrap elementor-element-populated\">\n\t\t\t\t\t\t\t\t<section data-particle_enable=\"false\" data-particle-mobile-disabled=\"false\" class=\"elementor-section elementor-inner-section elementor-element elementor-element-c6dd974 elementor-section-boxed elementor-section-height-default elementor-section-height-default\" data-id=\"c6dd974\" data-element_type=\"section\">\n\t\t\t\t\t\t<div class=\"elementor-container elementor-column-gap-default\">\n\t\t\t\t\t<div class=\"elementor-column elementor-col-100 elementor-inner-column elementor-element elementor-element-629963d\" data-id=\"629963d\" data-element_type=\"column\">\n\t\t\t<div class=\"elementor-widget-wrap elementor-element-populated\">\n\t\t\t\t\t\t\t\t<div class=\"elementor-element elementor-element-5448f7a elementor-widget elementor-widget-heading\" data-id=\"5448f7a\" data-element_type=\"widget\" data-widget_type=\"heading.default\">\n\t\t\t\t<div class=\"elementor-widget-container\">\n\t\t\t<h2 class=\"elementor-heading-title elementor-size-default\">\u00c9crivez-nous<\/h2>\t\t<\/div>\n\t\t\t\t<\/div>\n\t\t\t\t\t<\/div>\n\t\t<\/div>\n\t\t\t\t\t\t\t<\/div>\n\t\t<\/section>\n\t\t\t\t<section data-particle_enable=\"false\" data-particle-mobile-disabled=\"false\" class=\"elementor-section elementor-inner-section elementor-element elementor-element-3e4f9bc elementor-section-boxed elementor-section-height-default elementor-section-height-default\" data-id=\"3e4f9bc\" data-element_type=\"section\">\n\t\t\t\t\t\t<div class=\"elementor-container elementor-column-gap-default\">\n\t\t\t\t\t<div class=\"elementor-column elementor-col-50 elementor-inner-column elementor-element elementor-element-6c8eb57\" data-id=\"6c8eb57\" data-element_type=\"column\">\n\t\t\t<div class=\"elementor-widget-wrap elementor-element-populated\">\n\t\t\t\t\t\t\t\t<div class=\"elementor-element elementor-element-2b8a77f elementor-widget elementor-widget-text-editor\" data-id=\"2b8a77f\" data-element_type=\"widget\" data-widget_type=\"text-editor.default\">\n\t\t\t\t<div class=\"elementor-widget-container\">\n\t\t\t\t\t\t\t<p>Pour le Mixage\/Mastering,\u00a0<a href=\"https:\/\/www.beatsavenue.com\/fr\/mixage-mastering\/#mixagemasteringform\" data-wplink-edit=\"true\">\u00e9crivez-nous ici<\/a><\/p>\t\t\t\t\t\t<\/div>\n\t\t\t\t<\/div>\n\t\t\t\t\t<\/div>\n\t\t<\/div>\n\t\t\t\t<div class=\"elementor-column elementor-col-50 elementor-inner-column elementor-element elementor-element-128d788\" data-id=\"128d788\" data-element_type=\"column\">\n\t\t\t<div class=\"elementor-widget-wrap elementor-element-populated\">\n\t\t\t\t\t\t\t\t<div class=\"elementor-element elementor-element-8a37646 elementor-widget elementor-widget-text-editor\" data-id=\"8a37646\" data-element_type=\"widget\" data-widget_type=\"text-editor.default\">\n\t\t\t\t<div class=\"elementor-widget-container\">\n\t\t\t\t\t\t\t<p>Pour une Instru Personnalis\u00e9e,\u00a0<a href=\"https:\/\/www.beatsavenue.com\/fr\/instrumentale-personnalisee\/#localscroll-instrupersoform\" data-wplink-edit=\"true\">\u00e9crivez-nous ici<\/a><\/p>\t\t\t\t\t\t<\/div>\n\t\t\t\t<\/div>\n\t\t\t\t\t<\/div>\n\t\t<\/div>\n\t\t\t\t\t\t\t<\/div>\n\t\t<\/section>\n\t\t\t\t<section data-particle_enable=\"false\" data-particle-mobile-disabled=\"false\" class=\"elementor-section elementor-inner-section elementor-element elementor-element-b33f4e6 elementor-section-boxed elementor-section-height-default elementor-section-height-default\" data-id=\"b33f4e6\" data-element_type=\"section\">\n\t\t\t\t\t\t<div class=\"elementor-container elementor-column-gap-default\">\n\t\t\t\t\t<div class=\"elementor-column elementor-col-100 elementor-inner-column elementor-element elementor-element-701bb32\" data-id=\"701bb32\" data-element_type=\"column\">\n\t\t\t<div class=\"elementor-widget-wrap elementor-element-populated\">\n\t\t\t\t\t\t\t\t<div class=\"elementor-element elementor-element-9028aa8 eael-contact-form-7-button-align-left eael-contact-form-7-button-custom elementor-widget elementor-widget-eael-contact-form-7\" data-id=\"9028aa8\" data-element_type=\"widget\" data-widget_type=\"eael-contact-form-7.default\">\n\t\t\t\t<div class=\"elementor-widget-container\">\n\t\t\t<div class=\"eael-contact-form-7-wrapper\">\n                <div class=\"eael-contact-form eael-contact-form-7 eael-contact-form-9028aa8 placeholder-show eael-contact-form-align-default\"><div role=\"form\" class=\"wpcf7\" id=\"wpcf7-f4363-o1\" lang=\"en-US\" dir=\"ltr\">\n<div class=\"screen-reader-response\"><p role=\"status\" aria-live=\"polite\" aria-atomic=\"true\"><\/p> <ul><\/ul><\/div>\n<form action=\"\/fr\/wp-json\/wp\/v2\/pages\/999#wpcf7-f4363-o1\" method=\"post\" class=\"wpcf7-form init\" novalidate=\"novalidate\" data-status=\"init\">\n<div style=\"display: none;\">\n<input type=\"hidden\" name=\"_wpcf7\" value=\"4363\" \/>\n<input type=\"hidden\" name=\"_wpcf7_version\" value=\"5.4.2\" \/>\n<input type=\"hidden\" name=\"_wpcf7_locale\" value=\"en_US\" \/>\n<input type=\"hidden\" name=\"_wpcf7_unit_tag\" value=\"wpcf7-f4363-o1\" \/>\n<input type=\"hidden\" name=\"_wpcf7_container_post\" value=\"0\" \/>\n<input type=\"hidden\" name=\"_wpcf7_posted_data_hash\" value=\"\" \/>\n<\/div>\n<p><span class=\"thing-font\" style=\"color:red\">(Les champs en rouge sont obligatoires)<\/span><\/p>\n<p class=\"one-half first\"><span class=\"wpcf7-form-control-wrap your-name\"><input type=\"text\" name=\"your-name\" value=\"\" size=\"40\" class=\"wpcf7-form-control wpcf7-text wpcf7-validates-as-required\" aria-required=\"true\" aria-invalid=\"false\" placeholder=\"Nom (obligatoire)\" \/><\/span><\/p>\n<p class=\"one-half\"><span class=\"wpcf7-form-control-wrap your-email\"><input type=\"email\" name=\"your-email\" value=\"\" size=\"40\" class=\"wpcf7-form-control wpcf7-text wpcf7-email wpcf7-validates-as-required wpcf7-validates-as-email\" aria-required=\"true\" aria-invalid=\"false\" placeholder=\"Email (obligatoire)\" \/><\/span><\/p>\n<p class=\"one-half first\"><span class=\"wpcf7-form-control-wrap your-country\"><input type=\"text\" name=\"your-country\" value=\"\" size=\"40\" class=\"wpcf7-form-control wpcf7-text\" aria-invalid=\"false\" placeholder=\"Pays (optionnel)\" \/><\/span><\/p>\n<p class=\"one-half\"><span class=\"wpcf7-form-control-wrap your-phone\"><input type=\"tel\" name=\"your-phone\" value=\"\" size=\"40\" class=\"wpcf7-form-control wpcf7-text wpcf7-tel wpcf7-validates-as-tel\" aria-invalid=\"false\" placeholder=\"T\u00e9l (optionnel)\" \/><\/span><\/p>\n<p class=\"one-half first\"><span class=\"wpcf7-form-control-wrap your-webpage\"><input type=\"text\" name=\"your-webpage\" value=\"\" size=\"40\" class=\"wpcf7-form-control wpcf7-text\" aria-invalid=\"false\" placeholder=\"Page web (optionnel)\" \/><\/span><\/p>\n<div class=\"clear\"><\/div>\n<p><strong>Sujet<\/strong> (Veuillez s\u00e9lectionner un sujet)<\/p>\n<p class=\"one-half first\"><span class=\"wpcf7-form-control-wrap your-subject\"><select name=\"your-subject\" class=\"wpcf7-form-control wpcf7-select wpcf7-validates-as-required\" aria-required=\"true\" aria-invalid=\"false\"><option value=\"\">---<\/option><option value=\"Instru gratuite\">Instru gratuite<\/option><option value=\"Commande\">Commande<\/option><option value=\"Paiement\">Paiement<\/option><option value=\"Contrats\/droits\">Contrats\/droits<\/option><option value=\"Droits d&#039;auteur YouTube\">Droits d&#039;auteur YouTube<\/option><option value=\"Rapporter un bug\">Rapporter un bug<\/option><option value=\"Autre\">Autre<\/option><\/select><\/span><\/p>\n<div class=\"clear\"><\/div>\n<p><strong>Message<\/strong><br><span class=\"wpcf7-form-control-wrap your-message\"><textarea name=\"your-message\" cols=\"40\" rows=\"10\" class=\"wpcf7-form-control wpcf7-textarea\" aria-invalid=\"false\"><\/textarea><\/span><\/p>\n<div class=\"clear\"><\/div>\n<p><span class=\"wpcf7-form-control-wrap your-consent\"><span class=\"wpcf7-form-control wpcf7-acceptance\"><span class=\"wpcf7-list-item\"><label><input type=\"checkbox\" name=\"your-consent\" value=\"1\" aria-invalid=\"false\" \/><span class=\"wpcf7-list-item-label\">En utilisant ce formulaire, vous autorisez le stockage et le traitement de vos donn\u00e9es par ce site afin de recevoir une r\u00e9ponse.<\/span><\/label><\/span><\/span><\/span><\/p>\n<div class=\"clear\"><\/div>\n<p><strong>Code de v\u00e9rification<strong><\/p>\n<p><input type=\"hidden\" name=\"_wpcf7_captcha_challenge_captcha-170\" value=\"3777415700\" \/><img loading=\"lazy\" class=\"wpcf7-form-control wpcf7-captchac wpcf7-captcha-captcha-170\" width=\"72\" height=\"24\" alt=\"captcha\" src=\"https:\/\/ba.dev.beatsavenue.com\/wp-content\/uploads\/wpcf7_captcha\/3777415700.png\" \/><br \/>\n<span class=\"wpcf7-form-control-wrap captcha-170\"><input type=\"text\" name=\"captcha-170\" value=\"\" size=\"4\" maxlength=\"4\" class=\"wpcf7-form-control wpcf7-captchar\" autocomplete=\"off\" aria-invalid=\"false\" \/><\/span><\/p>\n<p><input type=\"submit\" value=\"ENVOYER\" class=\"wpcf7-form-control wpcf7-submit\" \/><\/p>\n<div class=\"wpcf7-response-output\" aria-hidden=\"true\"><\/div><\/form><\/div><\/div>\n            <\/div>\t\t<\/div>\n\t\t\t\t<\/div>\n\t\t\t\t\t<\/div>\n\t\t<\/div>\n\t\t\t\t\t\t\t<\/div>\n\t\t<\/section>\n\t\t\t\t\t<\/div>\n\t\t<\/div>\n\t\t\t\t\t\t\t<\/div>\n\t\t<\/section>\n\t\t\t\t<section data-particle_enable=\"false\" data-particle-mobile-disabled=\"false\" class=\"elementor-section elementor-top-section elementor-element elementor-element-7c5fa386 elementor-section-height-min-height elementor-section-content-middle elementor-section-stretched elementor-section-boxed elementor-section-height-default elementor-section-items-middle\" data-id=\"7c5fa386\" data-element_type=\"section\" data-settings=\"{&quot;stretch_section&quot;:&quot;section-stretched&quot;,&quot;background_background&quot;:&quot;classic&quot;}\">\n\t\t\t\t\t\t<div class=\"elementor-container elementor-column-gap-default\">\n\t\t\t\t\t<div class=\"elementor-column elementor-col-100 elementor-top-column elementor-element elementor-element-663eecb0\" data-id=\"663eecb0\" data-element_type=\"column\">\n\t\t\t<div class=\"elementor-widget-wrap elementor-element-populated\">\n\t\t\t\t\t\t\t\t<div class=\"elementor-element elementor-element-9ad2213 elementor-widget elementor-widget-template\" data-id=\"9ad2213\" data-element_type=\"widget\" data-widget_type=\"template.default\">\n\t\t\t\t<div class=\"elementor-widget-container\">\n\t\t\t\t\t<div class=\"elementor-template\">\n\t\t\t\t\t<div data-elementor-type=\"section\" data-elementor-id=\"8617\" class=\"elementor elementor-8617 elementor-7571\" data-elementor-settings=\"[]\">\n\t\t<div class=\"elementor-section-wrap\">\n\t\t\t\t\t<section data-particle_enable=\"false\" data-particle-mobile-disabled=\"false\" class=\"elementor-section elementor-top-section elementor-element elementor-element-4bd23ad4 elementor-section-height-min-height elementor-section-content-middle elementor-section-stretched elementor-section-boxed elementor-section-height-default elementor-section-items-middle\" data-id=\"4bd23ad4\" data-element_type=\"section\" data-settings=\"{&quot;stretch_section&quot;:&quot;section-stretched&quot;,&quot;background_background&quot;:&quot;classic&quot;}\">\n\t\t\t\t\t\t<div class=\"elementor-container elementor-column-gap-default\">\n\t\t\t\t\t<div class=\"elementor-column elementor-col-100 elementor-top-column elementor-element elementor-element-7a3a296\" data-id=\"7a3a296\" data-element_type=\"column\">\n\t\t\t<div class=\"elementor-widget-wrap elementor-element-populated\">\n\t\t\t\t\t\t\t\t<div class=\"elementor-element elementor-element-491d4b32 content-align-cta-center elementor-widget elementor-widget-eael-cta-box\" data-id=\"491d4b32\" data-element_type=\"widget\" data-widget_type=\"eael-cta-box.default\">\n\t\t\t\t<div class=\"elementor-widget-container\">\n\t\t\t\t\t<div class=\"eael-call-to-action bg-lite\">\n        <h3 class=\"title\">5 instrus gratuites et un coupon de r\u00e9duction sur votre prochain achat, \u00e7a vous int\u00e9resse?<\/h3><p><\/p><a href=\"https:\/\/ba.dev.beatsavenue.com\/fr\/instrus-gratuites\/\"   class=\"cta-button \">Recevoir maintenant<\/a>\t<\/div>\n\t\t\t\t\t\t<\/div>\n\t\t\t\t<\/div>\n\t\t\t\t\t<\/div>\n\t\t<\/div>\n\t\t\t\t\t\t\t<\/div>\n\t\t<\/section>\n\t\t\t\t<\/div>\n\t\t<\/div>\n\t\t\t\t<\/div>\n\t\t\t\t<\/div>\n\t\t\t\t<\/div>\n\t\t\t\t\t<\/div>\n\t\t<\/div>\n\t\t\t\t\t\t\t<\/div>\n\t\t<\/section>\n\t\t\t\t\t\t<\/div>\n\t\t\t\t\t<\/div>\n\t\t","protected":false},"excerpt":{"rendered":"<p>Un commentaire ou une question? Envoyez-nous un message. Avant toute chose, veuillez s\u2019il vous pla\u00eet consulter la\u00a0FAQ, vous y trouverez peut-\u00eatre les r\u00e9ponses \u00e0 vos questions. Rejoignez-nous Service client\u00e8le +33 6 52 39 54 06 (France) \u2013 en semaine uniquement \u00c9crivez-nous Pour le Mixage\/Mastering,\u00a0\u00e9crivez-nous ici Pour une Instru Personnalis\u00e9e,\u00a0\u00e9crivez-nous ici (Les champs en rouge sont &hellip;<\/p>\n<p class=\"read-more\"> <a class=\"\" href=\"https:\/\/ba.dev.beatsavenue.com\/fr\/contact\/\"> <span class=\"screen-reader-text\">Contact<\/span> Lire la suite\u00a0\u00bb<\/a><\/p>\n","protected":false},"author":1,"featured_media":0,"parent":0,"menu_order":0,"comment_status":"closed","ping_status":"closed","template":"","meta":[],"yoast_head":"<!-- This site is optimized with the Yoast SEO plugin v17.2.1 - https:\/\/yoast.com\/wordpress\/plugins\/seo\/ -->\n<title>Beats Avenue - Contact<\/title>\n<meta name=\"description\" content=\"Contactez-nous via le formulaire. Avant toute chose, veuillez s&#039;il vous pla\u00eet consulter la FAQ, vous trouverez peut-\u00eatre les r\u00e9ponses \u00e0 vos questions.\" \/>\n<meta name=\"robots\" content=\"noindex, follow, max-snippet:-1, max-image-preview:large, max-video-preview:-1\" \/>\n<meta property=\"og:locale\" content=\"fr_FR\" \/>\n<meta property=\"og:type\" content=\"article\" \/>\n<meta property=\"og:title\" content=\"Beats Avenue - Contact\" \/>\n<meta property=\"og:description\" content=\"Contactez-nous via le formulaire. Avant toute chose, veuillez s&#039;il vous pla\u00eet consulter la FAQ, vous trouverez peut-\u00eatre les r\u00e9ponses \u00e0 vos questions.\" \/>\n<meta property=\"og:url\" content=\"https:\/\/ba.dev.beatsavenue.com\/fr\/contact\/\" \/>\n<meta property=\"og:site_name\" content=\"Beats Avenue\" \/>\n<meta property=\"article:publisher\" content=\"https:\/\/www.facebook.com\/beatsavenue\" \/>\n<meta property=\"article:modified_time\" content=\"2021-09-28T18:03:15+00:00\" \/>\n<meta property=\"og:image\" content=\"https:\/\/ba.dev.beatsavenue.com\/wp-content\/uploads\/wpcf7_captcha\/843843520.png\" \/>\n<meta name=\"twitter:card\" content=\"summary\" \/>\n<meta name=\"twitter:site\" content=\"@beats_avenue\" \/>\n<meta name=\"twitter:label1\" content=\"Dur\u00e9e de lecture estim\u00e9e\" \/>\n\t<meta name=\"twitter:data1\" content=\"1 minute\" \/>\n<!-- \/ Yoast SEO plugin. -->","yoast_head_json":{"title":"Beats Avenue - Contact","description":"Contactez-nous via le formulaire. Avant toute chose, veuillez s'il vous pla\u00eet consulter la FAQ, vous trouverez peut-\u00eatre les r\u00e9ponses \u00e0 vos questions.","robots":{"index":"noindex","follow":"follow","max-snippet":"max-snippet:-1","max-image-preview":"max-image-preview:large","max-video-preview":"max-video-preview:-1"},"og_locale":"fr_FR","og_type":"article","og_title":"Beats Avenue - Contact","og_description":"Contactez-nous via le formulaire. Avant toute chose, veuillez s'il vous pla\u00eet consulter la FAQ, vous trouverez peut-\u00eatre les r\u00e9ponses \u00e0 vos questions.","og_url":"https:\/\/ba.dev.beatsavenue.com\/fr\/contact\/","og_site_name":"Beats Avenue","article_publisher":"https:\/\/www.facebook.com\/beatsavenue","article_modified_time":"2021-09-28T18:03:15+00:00","og_image":[{"url":"https:\/\/ba.dev.beatsavenue.com\/wp-content\/uploads\/wpcf7_captcha\/843843520.png"}],"twitter_card":"summary","twitter_site":"@beats_avenue","twitter_misc":{"Dur\u00e9e de lecture estim\u00e9e":"1 minute"},"schema":{"@context":"https:\/\/schema.org","@graph":[{"@type":"WebSite","@id":"https:\/\/ba.dev.beatsavenue.com\/#website","url":"https:\/\/ba.dev.beatsavenue.com\/","name":"Beats Avenue","description":"Where your music comes true!","potentialAction":[{"@type":"SearchAction","target":{"@type":"EntryPoint","urlTemplate":"https:\/\/ba.dev.beatsavenue.com\/?s={search_term_string}"},"query-input":"required name=search_term_string"}],"inLanguage":"fr-FR"},{"@type":"ImageObject","@id":"https:\/\/ba.dev.beatsavenue.com\/fr\/contact\/#primaryimage","inLanguage":"fr-FR","url":"https:\/\/ba.dev.beatsavenue.com\/wp-content\/uploads\/wpcf7_captcha\/843843520.png","contentUrl":"https:\/\/ba.dev.beatsavenue.com\/wp-content\/uploads\/wpcf7_captcha\/843843520.png"},{"@type":"WebPage","@id":"https:\/\/ba.dev.beatsavenue.com\/fr\/contact\/#webpage","url":"https:\/\/ba.dev.beatsavenue.com\/fr\/contact\/","name":"Beats Avenue - Contact","isPartOf":{"@id":"https:\/\/ba.dev.beatsavenue.com\/#website"},"primaryImageOfPage":{"@id":"https:\/\/ba.dev.beatsavenue.com\/fr\/contact\/#primaryimage"},"datePublished":"2014-11-19T16:43:27+00:00","dateModified":"2021-09-28T18:03:15+00:00","description":"Contactez-nous via le formulaire. Avant toute chose, veuillez s'il vous pla\u00eet consulter la FAQ, vous trouverez peut-\u00eatre les r\u00e9ponses \u00e0 vos questions.","breadcrumb":{"@id":"https:\/\/ba.dev.beatsavenue.com\/fr\/contact\/#breadcrumb"},"inLanguage":"fr-FR","potentialAction":[{"@type":"ReadAction","target":["https:\/\/ba.dev.beatsavenue.com\/fr\/contact\/"]}]},{"@type":"BreadcrumbList","@id":"https:\/\/ba.dev.beatsavenue.com\/fr\/contact\/#breadcrumb","itemListElement":[{"@type":"ListItem","position":1,"name":"Home","item":"https:\/\/ba.dev.beatsavenue.com\/fr\/"},{"@type":"ListItem","position":2,"name":"Contact"}]}]}},"_links":{"self":[{"href":"https:\/\/ba.dev.beatsavenue.com\/fr\/wp-json\/wp\/v2\/pages\/999"}],"collection":[{"href":"https:\/\/ba.dev.beatsavenue.com\/fr\/wp-json\/wp\/v2\/pages"}],"about":[{"href":"https:\/\/ba.dev.beatsavenue.com\/fr\/wp-json\/wp\/v2\/types\/page"}],"author":[{"embeddable":true,"href":"https:\/\/ba.dev.beatsavenue.com\/fr\/wp-json\/wp\/v2\/users\/1"}],"replies":[{"embeddable":true,"href":"https:\/\/ba.dev.beatsavenue.com\/fr\/wp-json\/wp\/v2\/comments?post=999"}],"version-history":[{"count":7,"href":"https:\/\/ba.dev.beatsavenue.com\/fr\/wp-json\/wp\/v2\/pages\/999\/revisions"}],"predecessor-version":[{"id":8980,"href":"https:\/\/ba.dev.beatsavenue.com\/fr\/wp-json\/wp\/v2\/pages\/999\/revisions\/8980"}],"wp:attachment":[{"href":"https:\/\/ba.dev.beatsavenue.com\/fr\/wp-json\/wp\/v2\/media?parent=999"}],"curies":[{"name":"wp","href":"https:\/\/api.w.org\/{rel}","templated":true}]}}